{"id":134,"date":"2019-04-18T10:18:02","date_gmt":"2019-04-18T10:18:02","guid":{"rendered":"http:\/\/localhost\/quanto\/?page_id=134"},"modified":"2021-12-30T16:59:31","modified_gmt":"2021-12-30T19:59:31","slug":"contato","status":"publish","type":"page","link":"https:\/\/www.carrierweb.com.br\/en\/contato\/","title":{"rendered":"Contact"},"content":{"rendered":"<section class=\"wpb_row vc_row-fluid vc_custom_1582919465741\"><div class=\"container\"><div class=\"vc_row\"><div class=\"section-box-contact section-card-pattern-left section-card-pattern-right-top wpb_column vc_column_container vc_col-sm-12\"><div class=\"vc_column-inner\"><div class=\"wpb_wrapper\"><h2 style=\"color: #bf2126;text-align: left\" class=\"vc_custom_heading f-w-5\" >Como podemos te ajudar?<\/h2>\n\t<div class=\"wpb_text_column wpb_content_element  vc_custom_1602178762309\" >\n\t\t<div class=\"wpb_wrapper\">\n\t\t\t<p><span style=\"color: #4a4666;\">Envie sugest\u00f5es, tire d\u00favidas ou firme parcerias com a CarrierWeb Brasil. Em 24 horas um especialista far\u00e1 contato.<\/span><br \/>\n<span style=\"color: #4a4666;\">Os campos obrigat\u00f3rios est\u00e3o marcados com <span class=\"text-danger\">*<\/span><\/span><\/p>\n\n\t\t<\/div>\n\t<\/div>\n\n\t<div class=\"wpb_raw_code wpb_content_element wpb_raw_html\" id=\"Formul\u00e1rio de Contato CW - Bitrix24\">\n\t\t<div class=\"wpb_wrapper\">\n\t\t\t<script data-b24-form=\"inline\/30\/9jgrhe\" data-skip-moving=\"true\">\n(function(w,d,u){\nvar s=d.createElement('script');s.async=true;s.src=u+'?'+(Date.now()\/180000|0);\nvar h=d.getElementsByTagName('script')[0];h.parentNode.insertBefore(s,h);\n})(window,document,'https:\/\/cdn.bitrix24.com\/b17205263\/crm\/form\/loader_30.js');\n<\/script>\n\t\t<\/div>\n\t<\/div>\n<\/div><\/div><\/div><\/div><\/div><\/section><section class=\"wpb_row vc_row-fluid vc_custom_1582917070003\"><div class=\"container\"><div class=\"vc_row\"><div class=\"section-box-contact section-card-pattern-left section-card-pattern-right-top wpb_column vc_column_container vc_col-sm-12 big-zindex\"><div class=\"vc_column-inner\"><div class=\"wpb_wrapper\"><h2 style=\"color: #404040;text-align: left\" class=\"vc_custom_heading f-w-5\" >CarrierWeb Brasil<\/h2>\n\t<div class=\"wpb_text_column wpb_content_element  vc_custom_1582976124272\" >\n\t\t<div class=\"wpb_wrapper\">\n\t\t\t<p><span style=\"color: #4a4666;\">Descubra como podemos ajudar a melhorar sua opera\u00e7\u00e3o, independentemente do tamanho da sua frota.<\/span><\/p>\n\n\t\t<\/div>\n\t<\/div>\n<div class=\"vc_row wpb_row vc_inner vc_row-fluid space-mb vc_row-o-equal-height vc_row-o-content-middle vc_row-flex\"><div class=\"wpb_column vc_column_container vc_col-sm-12 vc_col-lg-4 vc_col-md-4\"><div class=\"vc_column-inner\"><div class=\"wpb_wrapper\">\n    <div class=\"contact-info-block\">\n        <div class=\"contact-info-content\">\n            <div class=\"contact-info-icon icon-circle\">\n                <i class=\"fas fa-map-marked-alt\"><\/i>\n            <\/div>\n            <h4 class=\"contact-info-title\">Endere\u00e7o - RJ<\/h4>\n            <p class=\"contact-info-text\">R. Volunt\u00e1rios da P\u00e1tria, 45<br \/>\nBotafogo &#8211; RJ<\/p>\n        <\/div>\n    <\/div>\n\n\n    <div class=\"contact-info-block\">\n        <div class=\"contact-info-content\">\n            <div class=\"contact-info-icon icon-circle\">\n                <i class=\"fas fa-map-marked-alt\"><\/i>\n            <\/div>\n            <h4 class=\"contact-info-title\">Endere\u00e7o - SP<\/h4>\n            <p class=\"contact-info-text\">R. Afonso Braz, 473<br \/>\nS\u00e3o Paulo &#8211; SP<\/p>\n        <\/div>\n    <\/div>\n\n<\/div><\/div><\/div><div class=\"pl-md-15 wpb_column vc_column_container vc_col-sm-12 vc_col-lg-4 vc_col-md-4\"><div class=\"vc_column-inner\"><div class=\"wpb_wrapper\">\n    <div class=\"contact-info-block\">\n        <div class=\"contact-info-content\">\n            <div class=\"contact-info-icon icon-circle\">\n                <i class=\"fa fa-phone\"><\/i>\n            <\/div>\n            <h4 class=\"contact-info-title\">Telefones<\/h4>\n            <p class=\"contact-info-text\">+55 21 2127-8685<br \/>\n+55 21 2226-4000<\/p>\n        <\/div>\n    <\/div>\n\n\n    <div class=\"contact-info-block\">\n        <div class=\"contact-info-content\">\n            <div class=\"contact-info-icon icon-circle\">\n                <i class=\"fas fa-phone\"><\/i>\n            <\/div>\n            <h4 class=\"contact-info-title\">Telefones<\/h4>\n            <p class=\"contact-info-text\">+55 21 2127-8685<br \/>\n+55 21 2226-4000<\/p>\n        <\/div>\n    <\/div>\n\n<\/div><\/div><\/div><div class=\"pl-md-15 wpb_column vc_column_container vc_col-sm-12 vc_col-lg-4 vc_col-md-4\"><div class=\"vc_column-inner\"><div class=\"wpb_wrapper\">\n    <div class=\"contact-info-block\">\n        <div class=\"contact-info-content\">\n            <div class=\"contact-info-icon icon-circle\">\n                <i class=\"fas fa-envelope\"><\/i>\n            <\/div>\n            <h4 class=\"contact-info-title\">E-mail<\/h4>\n            <p class=\"contact-info-text\"><a href=\"mailto:info.br@54.242.171.2\">info.br@54.242.171.2<\/a><br \/>\n<a href=\"mailto:suporte@54.242.171.2\">suporte@54.242.171.2<\/a><\/p>\n        <\/div>\n    <\/div>\n\n\n    <div class=\"contact-info-block\">\n        <div class=\"contact-info-content\">\n            <div class=\"contact-info-icon icon-circle\">\n                <i class=\"fas fa-envelope\"><\/i>\n            <\/div>\n            <h4 class=\"contact-info-title\">E-mail<\/h4>\n            <p class=\"contact-info-text\"><a href=\"mailto:info.br@54.242.171.2\" rel=\"noopener\">info.br@54.242.171.2<\/a><br \/>\n<a href=\"mailto:suporte@54.242.171.2\" rel=\"noopener noreferrer\">suporte@54.242.171.2<\/a><\/p>\n        <\/div>\n    <\/div>\n\n<\/div><\/div><\/div><\/div><\/div><\/div><\/div><\/div><\/div><\/section><section class=\"wpb_row vc_row-fluid vc_custom_1582917154374\"><div class=\"container\"><div class=\"vc_row\"><div class=\"section-box-contact section-card-pattern-left section-card-pattern-right-top wpb_column vc_column_container vc_col-sm-12\"><div class=\"vc_column-inner\"><div class=\"wpb_wrapper\"><h2 style=\"text-align: left\" class=\"vc_custom_heading f-w-5\" >CarrierWeb no Mundo<\/h2>\n\t<div class=\"wpb_text_column wpb_content_element  vc_custom_1602178797485\" >\n\t\t<div class=\"wpb_wrapper\">\n\t\t\t<p>A CarrierWeb est\u00e1 presente em v\u00e1rios pa\u00edses e conta com 03 centros de pesquisas em pontos estrat\u00e9gicos pelo mundo.<\/p>\n\n\t\t<\/div>\n\t<\/div>\n<div class=\"vc_row wpb_row vc_inner vc_row-fluid vc_row-o-content-middle vc_row-flex\"><div class=\"pr-md-15 wpb_column vc_column_container vc_col-sm-6 vc_col-lg-4 vc_col-md-4\"><div class=\"vc_column-inner vc_custom_1582944702742\"><div class=\"wpb_wrapper\">\n\t<div class=\"wpb_text_column wpb_content_element  vc_custom_1582974726418\" >\n\t\t<div class=\"wpb_wrapper\">\n\t\t\t<div class=\"location-block\">\n<div class=\"location-content\">\n<h4 class=\"location-title text-primary\">China (CP)<\/h4>\n<p class=\"location-number fontweight-medium\">+86 (22) 8386-5692<\/p>\n<p class=\"location-text\">59 Machang Road<br \/>\nHexi District,<br \/>\nTianjin<\/p>\n<\/div>\n<\/div>\n\n\t\t<\/div>\n\t<\/div>\n<div class=\"vc_empty_space\"   style=\"height: 32px\"><span class=\"vc_empty_space_inner\"><\/span><\/div><\/div><\/div><\/div><div class=\"pl-md-15 wpb_column vc_column_container vc_col-sm-6 vc_col-lg-4 vc_col-md-4\"><div class=\"vc_column-inner\"><div class=\"wpb_wrapper\">\n\t<div class=\"wpb_text_column wpb_content_element  vc_custom_1582975194244\" >\n\t\t<div class=\"wpb_wrapper\">\n\t\t\t<div class=\"location-block\">\n<div class=\"location-content\">\n<h4 class=\"location-title text-primary\">Irlanda<\/h4>\n<p class=\"location-number fontweight-medium\">+353 (1) 662-9403<\/p>\n<p class=\"location-text\">132 Baggot Street Lower<br \/>\nD02 AE12,<br \/>\nDublin<\/p>\n<\/div>\n<\/div>\n\n\t\t<\/div>\n\t<\/div>\n<div class=\"vc_empty_space\"   style=\"height: 32px\"><span class=\"vc_empty_space_inner\"><\/span><\/div><\/div><\/div><\/div><div class=\"pl-md-15 wpb_column vc_column_container vc_col-sm-1 vc_col-lg-4 vc_col-md-4\"><div class=\"vc_column-inner\"><div class=\"wpb_wrapper\">\n\t<div class=\"wpb_text_column wpb_content_element  vc_custom_1601400801775\" >\n\t\t<div class=\"wpb_wrapper\">\n\t\t\t<div class=\"location-block\">\n<div class=\"location-content\">\n<h4 class=\"location-title text-primary\">Inglaterra (CP)<\/h4>\n<p class=\"location-number fontweight-medium\">+353 (1) 662-9403<\/p>\n<p class=\"location-text\">9 Park end Street<br \/>\nOX1 1HH,<br \/>\nOxford<\/p>\n<\/div>\n<\/div>\n\n\t\t<\/div>\n\t<\/div>\n<div class=\"vc_empty_space\"   style=\"height: 32px\"><span class=\"vc_empty_space_inner\"><\/span><\/div><\/div><\/div><\/div><\/div><\/div><\/div><\/div><\/div><\/div><\/section><section class=\"wpb_row vc_row-fluid\"><div class=\"container\"><div class=\"vc_row\"><div class=\"wpb_column vc_column_container vc_col-sm-12\"><div class=\"vc_column-inner\"><div class=\"wpb_wrapper\"><div class=\"vc_empty_space\"   style=\"height: 60px\"><span class=\"vc_empty_space_inner\"><\/span><\/div><\/div><\/div><\/div><\/div><\/div><\/section>","protected":false},"excerpt":{"rendered":"Como podemos te ajudar? Envie sugest\u00f5es, tire d\u00favidas ou firme parcerias com a CarrierWeb Brasil. Em 24 horas um especialista far\u00e1 contato. Os campos obrigat\u00f3rios est\u00e3o marcados com * CarrierWeb Brasil Descubra como podemos ajudar a melhorar sua opera\u00e7\u00e3o, independentemente do tamanho da sua frota. Endere\u00e7o - RJ R. Volunt\u00e1rios da P\u00e1tria, 45 Botafogo - [...]","protected":false},"author":5,"featured_media":0,"parent":0,"menu_order":0,"comment_status":"closed","ping_status":"closed","template":"","meta":[],"yoast_head":"<!-- This site is optimized with the Yoast SEO plugin v20.8 - https:\/\/yoast.com\/wordpress\/plugins\/seo\/ -->\n<title>CarrierWeb - Contato | Fale com Nossos Especialista em Gest\u00e3o de Frotas<\/title>\n<meta name=\"description\" content=\"Fale com nossos especialistas e descubra como podemos ajudar a melhorar sua opera\u00e7\u00e3o, independentemente do tamanho da sua frota.\" \/>\n<meta name=\"robots\" content=\"index, follow, max-snippet:-1, max-image-preview:large, max-video-preview:-1\" \/>\n<link rel=\"canonical\" href=\"https:\/\/www.carrierweb.com.br\/en\/contato\/\" \/>\n<meta property=\"og:locale\" content=\"en_US\" \/>\n<meta property=\"og:type\" content=\"article\" \/>\n<meta property=\"og:title\" content=\"CarrierWeb - Contato | Fale com Nossos Especialista em Gest\u00e3o de Frotas\" \/>\n<meta property=\"og:description\" content=\"Fale com nossos especialistas e descubra como podemos ajudar a melhorar sua opera\u00e7\u00e3o, independentemente do tamanho da sua frota.\" \/>\n<meta property=\"og:url\" content=\"https:\/\/www.carrierweb.com.br\/en\/contato\/\" \/>\n<meta property=\"og:site_name\" content=\"CarrierWeb\" \/>\n<meta property=\"article:modified_time\" content=\"2021-12-30T19:59:31+00:00\" \/>\n<meta name=\"twitter:card\" content=\"summary_large_image\" \/>\n<meta name=\"twitter:label1\" content=\"Est. reading time\" \/>\n\t<meta name=\"twitter:data1\" content=\"3 minutes\" \/>\n<script type=\"application\/ld+json\" class=\"yoast-schema-graph\">{\"@context\":\"https:\/\/schema.org\",\"@graph\":[{\"@type\":\"WebPage\",\"@id\":\"https:\/\/www.carrierweb.com.br\/en\/contato\/\",\"url\":\"https:\/\/www.carrierweb.com.br\/en\/contato\/\",\"name\":\"CarrierWeb - Contato | Fale com Nossos Especialista em Gest\u00e3o de Frotas\",\"isPartOf\":{\"@id\":\"https:\/\/www.carrierweb.com.br\/#website\"},\"datePublished\":\"2019-04-18T10:18:02+00:00\",\"dateModified\":\"2021-12-30T19:59:31+00:00\",\"description\":\"Fale com nossos especialistas e descubra como podemos ajudar a melhorar sua opera\u00e7\u00e3o, independentemente do tamanho da sua frota.\",\"breadcrumb\":{\"@id\":\"https:\/\/www.carrierweb.com.br\/en\/contato\/#breadcrumb\"},\"inLanguage\":\"en-US\",\"potentialAction\":[{\"@type\":\"ReadAction\",\"target\":[\"https:\/\/www.carrierweb.com.br\/en\/contato\/\"]}]},{\"@type\":\"BreadcrumbList\",\"@id\":\"https:\/\/www.carrierweb.com.br\/en\/contato\/#breadcrumb\",\"itemListElement\":[{\"@type\":\"ListItem\",\"position\":1,\"name\":\"In\u00edcio\",\"item\":\"https:\/\/www.carrierweb.com.br\/\"},{\"@type\":\"ListItem\",\"position\":2,\"name\":\"Contato\"}]},{\"@type\":\"WebSite\",\"@id\":\"https:\/\/www.carrierweb.com.br\/#website\",\"url\":\"https:\/\/www.carrierweb.com.br\/\",\"name\":\"CarrierWeb\",\"description\":\"Gerando Resultados para sua Frota\",\"potentialAction\":[{\"@type\":\"SearchAction\",\"target\":{\"@type\":\"EntryPoint\",\"urlTemplate\":\"https:\/\/www.carrierweb.com.br\/?s={search_term_string}\"},\"query-input\":\"required name=search_term_string\"}],\"inLanguage\":\"en-US\"}]}<\/script>\n<!-- \/ Yoast SEO plugin. -->","yoast_head_json":{"title":"CarrierWeb - Contato | Fale com Nossos Especialista em Gest\u00e3o de Frotas","description":"Fale com nossos especialistas e descubra como podemos ajudar a melhorar sua opera\u00e7\u00e3o, independentemente do tamanho da sua frota.","robots":{"index":"index","follow":"follow","max-snippet":"max-snippet:-1","max-image-preview":"max-image-preview:large","max-video-preview":"max-video-preview:-1"},"canonical":"https:\/\/www.carrierweb.com.br\/en\/contato\/","og_locale":"en_US","og_type":"article","og_title":"CarrierWeb - Contato | Fale com Nossos Especialista em Gest\u00e3o de Frotas","og_description":"Fale com nossos especialistas e descubra como podemos ajudar a melhorar sua opera\u00e7\u00e3o, independentemente do tamanho da sua frota.","og_url":"https:\/\/www.carrierweb.com.br\/en\/contato\/","og_site_name":"CarrierWeb","article_modified_time":"2021-12-30T19:59:31+00:00","twitter_card":"summary_large_image","twitter_misc":{"Est. reading time":"3 minutes"},"schema":{"@context":"https:\/\/schema.org","@graph":[{"@type":"WebPage","@id":"https:\/\/www.carrierweb.com.br\/en\/contato\/","url":"https:\/\/www.carrierweb.com.br\/en\/contato\/","name":"CarrierWeb - Contato | Fale com Nossos Especialista em Gest\u00e3o de Frotas","isPartOf":{"@id":"https:\/\/www.carrierweb.com.br\/#website"},"datePublished":"2019-04-18T10:18:02+00:00","dateModified":"2021-12-30T19:59:31+00:00","description":"Fale com nossos especialistas e descubra como podemos ajudar a melhorar sua opera\u00e7\u00e3o, independentemente do tamanho da sua frota.","breadcrumb":{"@id":"https:\/\/www.carrierweb.com.br\/en\/contato\/#breadcrumb"},"inLanguage":"en-US","potentialAction":[{"@type":"ReadAction","target":["https:\/\/www.carrierweb.com.br\/en\/contato\/"]}]},{"@type":"BreadcrumbList","@id":"https:\/\/www.carrierweb.com.br\/en\/contato\/#breadcrumb","itemListElement":[{"@type":"ListItem","position":1,"name":"In\u00edcio","item":"https:\/\/www.carrierweb.com.br\/"},{"@type":"ListItem","position":2,"name":"Contato"}]},{"@type":"WebSite","@id":"https:\/\/www.carrierweb.com.br\/#website","url":"https:\/\/www.carrierweb.com.br\/","name":"CarrierWeb","description":"Gerando Resultados para sua Frota","potentialAction":[{"@type":"SearchAction","target":{"@type":"EntryPoint","urlTemplate":"https:\/\/www.carrierweb.com.br\/?s={search_term_string}"},"query-input":"required name=search_term_string"}],"inLanguage":"en-US"}]}},"_links":{"self":[{"href":"https:\/\/www.carrierweb.com.br\/en\/wp-json\/wp\/v2\/pages\/134"}],"collection":[{"href":"https:\/\/www.carrierweb.com.br\/en\/wp-json\/wp\/v2\/pages"}],"about":[{"href":"https:\/\/www.carrierweb.com.br\/en\/wp-json\/wp\/v2\/types\/page"}],"author":[{"embeddable":true,"href":"https:\/\/www.carrierweb.com.br\/en\/wp-json\/wp\/v2\/users\/5"}],"replies":[{"embeddable":true,"href":"https:\/\/www.carrierweb.com.br\/en\/wp-json\/wp\/v2\/comments?post=134"}],"version-history":[{"count":144,"href":"https:\/\/www.carrierweb.com.br\/en\/wp-json\/wp\/v2\/pages\/134\/revisions"}],"predecessor-version":[{"id":4818,"href":"https:\/\/www.carrierweb.com.br\/en\/wp-json\/wp\/v2\/pages\/134\/revisions\/4818"}],"wp:attachment":[{"href":"https:\/\/www.carrierweb.com.br\/en\/wp-json\/wp\/v2\/media?parent=134"}],"curies":[{"name":"wp","href":"https:\/\/api.w.org\/{rel}","templated":true}]}}