{"id":142,"date":"2019-04-19T03:54:58","date_gmt":"2019-04-19T06:54:58","guid":{"rendered":"http:\/\/localhost\/quanto\/?page_id=142"},"modified":"2020-11-11T12:03:50","modified_gmt":"2020-11-11T15:03:50","slug":"faq","status":"publish","type":"page","link":"https:\/\/www.carrierweb.com.br\/en\/faq\/","title":{"rendered":"FAQ"},"content":{"rendered":"<section class=\"wpb_row vc_row-fluid vc_custom_1555648494201\"><div class=\"container\"><div class=\"vc_row\"><div class=\"wpb_column vc_column_container vc_col-sm-12\"><div class=\"vc_column-inner\"><div class=\"wpb_wrapper\"><div class=\"vc_row wpb_row vc_inner vc_row-fluid\"><div class=\"section-box-white wpb_column vc_column_container vc_col-sm-12\"><div class=\"vc_column-inner\"><div class=\"wpb_wrapper\"><h3 style=\"text-align: left\" class=\"vc_custom_heading vc_custom_1591221497147\" >Geral<\/h3>        <div class=\"accrodion-regular\">\n        <div id=\"accordion-1449576\">\n                    <div class=\"card\">\n                <div class=\"card-header active\" id=\"heading-1-1449576\">\n                    <h5 class=\"card-title\">\n                        <a href=\"#collapse-1-1449576\" class=\"\" data-toggle=\"collapse\" data-target=\"#collapse-1-1449576\" aria-expanded=\"true\" aria-controls=\"collapse-1-1449576\">\n                            P. Como devo proceder para atualizar meu cadastro? <span class=\"fa fa-angle-down\"><\/span>\n                        <\/a>\n                    <\/h5>\n                <\/div>\n                <div id=\"collapse-1-1449576\" class=\"collapse show\" aria-labelledby=\"heading-1-1449576\" data-parent=\"#accordion-1449576\">\n                    <div class=\"card-body\">\n                        \"Lorem ipsum dolor sit amet, consectetur adipiscing elit, sed do eiusmod tempor incididunt ut labore et dolore magna aliqua. Ut enim ad minim veniam, quis nostrud exercitation ullamco laboris nisi ut aliquip ex ea commodo consequat. Duis aute irure dolor in reprehenderit in voluptate velit esse cillum dolore eu fugiat nulla pariatur. Excepteur sint occaecat cupidatat non proident, sunt in culpa qui officia deserunt mollit anim id est laborum.\"                    <\/div>\n                <\/div>\n            <\/div>\n                    <div class=\"card\">\n                <div class=\"card-header\" id=\"heading-2-1449576\">\n                    <h5 class=\"card-title\">\n                        <a href=\"#collapse-2-1449576\" class=\"\" data-toggle=\"collapse\" data-target=\"#collapse-2-1449576\" aria-expanded=\"false\" aria-controls=\"collapse-2-1449576\">\n                            P. Como cancelar meu contrato? <span class=\"fa fa-angle-down\"><\/span>\n                        <\/a>\n                    <\/h5>\n                <\/div>\n                <div id=\"collapse-2-1449576\" class=\"collapse\" aria-labelledby=\"heading-2-1449576\" data-parent=\"#accordion-1449576\">\n                    <div class=\"card-body\">\n                        \"Lorem ipsum dolor sit amet, consectetur adipiscing elit, sed do eiusmod tempor incididunt ut labore et dolore magna aliqua. Ut enim ad minim veniam, quis nostrud exercitation ullamco laboris nisi ut aliquip ex ea commodo consequat. Duis aute irure dolor in reprehenderit in voluptate velit esse cillum dolore eu fugiat nulla pariatur. Excepteur sint occaecat cupidatat non proident, sunt in culpa qui officia deserunt mollit anim id est laborum.\"                    <\/div>\n                <\/div>\n            <\/div>\n                    <div class=\"card\">\n                <div class=\"card-header\" id=\"heading-3-1449576\">\n                    <h5 class=\"card-title\">\n                        <a href=\"#collapse-3-1449576\" class=\"\" data-toggle=\"collapse\" data-target=\"#collapse-3-1449576\" aria-expanded=\"false\" aria-controls=\"collapse-3-1449576\">\n                            P. Como fa\u00e7o transfer\u00eancia de titularidade? <span class=\"fa fa-angle-down\"><\/span>\n                        <\/a>\n                    <\/h5>\n                <\/div>\n                <div id=\"collapse-3-1449576\" class=\"collapse\" aria-labelledby=\"heading-3-1449576\" data-parent=\"#accordion-1449576\">\n                    <div class=\"card-body\">\n                        \"Lorem ipsum dolor sit amet, consectetur adipiscing elit, sed do eiusmod tempor incididunt ut labore et dolore magna aliqua. Ut enim ad minim veniam, quis nostrud exercitation ullamco laboris nisi ut aliquip ex ea commodo consequat. Duis aute irure dolor in reprehenderit in voluptate velit esse cillum dolore eu fugiat nulla pariatur. Excepteur sint occaecat cupidatat non proident, sunt in culpa qui officia deserunt mollit anim id est laborum.\"                    <\/div>\n                <\/div>\n            <\/div>\n                <\/div>\n    <\/div>\n    \n    <\/div><\/div><\/div><\/div><div class=\"vc_row wpb_row vc_inner vc_row-fluid\"><div class=\"section-box-white wpb_column vc_column_container vc_col-sm-12\"><div class=\"vc_column-inner\"><div class=\"wpb_wrapper\"><h3 style=\"text-align: left\" class=\"vc_custom_heading vc_custom_1591221405400\" >Sistema e Portal Web<\/h3>        <div class=\"accrodion-regular\">\n        <div id=\"accordion-2528950\">\n                    <div class=\"card\">\n                <div class=\"card-header active\" id=\"heading-1-2528950\">\n                    <h5 class=\"card-title\">\n                        <a href=\"#collapse-1-2528950\" class=\"\" data-toggle=\"collapse\" data-target=\"#collapse-1-2528950\" aria-expanded=\"true\" aria-controls=\"collapse-1-2528950\">\n                            P. Como acessar o sistema de monitoramento on-line? <span class=\"fa fa-angle-down\"><\/span>\n                        <\/a>\n                    <\/h5>\n                <\/div>\n                <div id=\"collapse-1-2528950\" class=\"collapse\" aria-labelledby=\"heading-1-2528950\" data-parent=\"#accordion-2528950\">\n                    <div class=\"card-body\">\n                        \"Lorem ipsum dolor sit amet, consectetur adipiscing elit, sed do eiusmod tempor incididunt ut labore et dolore magna aliqua. Ut enim ad minim veniam, quis nostrud exercitation ullamco laboris nisi ut aliquip ex ea commodo consequat. Duis aute irure dolor in reprehenderit in voluptate velit esse cillum dolore eu fugiat nulla pariatur. Excepteur sint occaecat cupidatat non proident, sunt in culpa qui officia deserunt mollit anim id est laborum.\"                    <\/div>\n                <\/div>\n            <\/div>\n                    <div class=\"card\">\n                <div class=\"card-header\" id=\"heading-2-2528950\">\n                    <h5 class=\"card-title\">\n                        <a href=\"#collapse-2-2528950\" class=\"\" data-toggle=\"collapse\" data-target=\"#collapse-2-2528950\" aria-expanded=\"false\" aria-controls=\"collapse-2-2528950\">\n                            P. Como devo proceder para direcionar o sinal de monitoramento para uma gerenciadora de risco? <span class=\"fa fa-angle-down\"><\/span>\n                        <\/a>\n                    <\/h5>\n                <\/div>\n                <div id=\"collapse-2-2528950\" class=\"collapse\" aria-labelledby=\"heading-2-2528950\" data-parent=\"#accordion-2528950\">\n                    <div class=\"card-body\">\n                        \"Lorem ipsum dolor sit amet, consectetur adipiscing elit, sed do eiusmod tempor incididunt ut labore et dolore magna aliqua. Ut enim ad minim veniam, quis nostrud exercitation ullamco laboris nisi ut aliquip ex ea commodo consequat. Duis aute irure dolor in reprehenderit in voluptate velit esse cillum dolore eu fugiat nulla pariatur. Excepteur sint occaecat cupidatat non proident, sunt in culpa qui officia deserunt mollit anim id est laborum.\"                    <\/div>\n                <\/div>\n            <\/div>\n                <\/div>\n    <\/div>\n    \n    <\/div><\/div><\/div><\/div><div class=\"vc_row wpb_row vc_inner vc_row-fluid\"><div class=\"section-box-white wpb_column vc_column_container vc_col-sm-12\"><div class=\"vc_column-inner\"><div class=\"wpb_wrapper\"><h3 style=\"text-align: left\" class=\"vc_custom_heading vc_custom_1591221520760\" >Financeiro<\/h3>        <div class=\"accrodion-regular\">\n        <div id=\"accordion-9233183\">\n                    <div class=\"card\">\n                <div class=\"card-header active\" id=\"heading-1-9233183\">\n                    <h5 class=\"card-title\">\n                        <a href=\"#collapse-1-9233183\" class=\"\" data-toggle=\"collapse\" data-target=\"#collapse-1-9233183\" aria-expanded=\"true\" aria-controls=\"collapse-1-9233183\">\n                            P. Como solicitar 2\u00ba via do boleto ? <span class=\"fa fa-angle-down\"><\/span>\n                        <\/a>\n                    <\/h5>\n                <\/div>\n                <div id=\"collapse-1-9233183\" class=\"collapse\" aria-labelledby=\"heading-1-9233183\" data-parent=\"#accordion-9233183\">\n                    <div class=\"card-body\">\n                        \"Lorem ipsum dolor sit amet, consectetur adipiscing elit, sed do eiusmod tempor incididunt ut labore et dolore magna aliqua. Ut enim ad minim veniam, quis nostrud exercitation ullamco laboris nisi ut aliquip ex ea commodo consequat. Duis aute irure dolor in reprehenderit in voluptate velit esse cillum dolore eu fugiat nulla pariatur. Excepteur sint occaecat cupidatat non proident, sunt in culpa qui officia deserunt mollit anim id est laborum.\"                    <\/div>\n                <\/div>\n            <\/div>\n                    <div class=\"card\">\n                <div class=\"card-header\" id=\"heading-2-9233183\">\n                    <h5 class=\"card-title\">\n                        <a href=\"#collapse-2-9233183\" class=\"\" data-toggle=\"collapse\" data-target=\"#collapse-2-9233183\" aria-expanded=\"false\" aria-controls=\"collapse-2-9233183\">\n                            P. Por que minha primeira fatura venho com valor maior do acordado? <span class=\"fa fa-angle-down\"><\/span>\n                        <\/a>\n                    <\/h5>\n                <\/div>\n                <div id=\"collapse-2-9233183\" class=\"collapse\" aria-labelledby=\"heading-2-9233183\" data-parent=\"#accordion-9233183\">\n                    <div class=\"card-body\">\n                        \"Lorem ipsum dolor sit amet, consectetur adipiscing elit, sed do eiusmod tempor incididunt ut labore et dolore magna aliqua. Ut enim ad minim veniam, quis nostrud exercitation ullamco laboris nisi ut aliquip ex ea commodo consequat. Duis aute irure dolor in reprehenderit in voluptate velit esse cillum dolore eu fugiat nulla pariatur. Excepteur sint occaecat cupidatat non proident, sunt in culpa qui officia deserunt mollit anim id est laborum.\"                    <\/div>\n                <\/div>\n            <\/div>\n                <\/div>\n    <\/div>\n    \n    <\/div><\/div><\/div><\/div><div class=\"vc_row wpb_row vc_inner vc_row-fluid\"><div class=\"section-box-white wpb_column vc_column_container vc_col-sm-12\"><div class=\"vc_column-inner\"><div class=\"wpb_wrapper\"><h3 style=\"text-align: left\" class=\"vc_custom_heading vc_custom_1591221552487\" >T\u00e9cnico<\/h3>        <div class=\"accrodion-regular\">\n        <div id=\"accordion-6236972\">\n                    <div class=\"card\">\n                <div class=\"card-header active\" id=\"heading-1-6236972\">\n                    <h5 class=\"card-title\">\n                        <a href=\"#collapse-1-6236972\" class=\"\" data-toggle=\"collapse\" data-target=\"#collapse-1-6236972\" aria-expanded=\"true\" aria-controls=\"collapse-1-6236972\">\n                            P. Quanto tempo demora uma instala\u00e7\u00e3o? <span class=\"fa fa-angle-down\"><\/span>\n                        <\/a>\n                    <\/h5>\n                <\/div>\n                <div id=\"collapse-1-6236972\" class=\"collapse\" aria-labelledby=\"heading-1-6236972\" data-parent=\"#accordion-6236972\">\n                    <div class=\"card-body\">\n                        \"Lorem ipsum dolor sit amet, consectetur adipiscing elit, sed do eiusmod tempor incididunt ut labore et dolore magna aliqua. Ut enim ad minim veniam, quis nostrud exercitation ullamco laboris nisi ut aliquip ex ea commodo consequat. Duis aute irure dolor in reprehenderit in voluptate velit esse cillum dolore eu fugiat nulla pariatur. Excepteur sint occaecat cupidatat non proident, sunt in culpa qui officia deserunt mollit anim id est laborum.\"                    <\/div>\n                <\/div>\n            <\/div>\n                    <div class=\"card\">\n                <div class=\"card-header\" id=\"heading-2-6236972\">\n                    <h5 class=\"card-title\">\n                        <a href=\"#collapse-2-6236972\" class=\"\" data-toggle=\"collapse\" data-target=\"#collapse-2-6236972\" aria-expanded=\"false\" aria-controls=\"collapse-2-6236972\">\n                            P. Se no dia na instala\u00e7\u00e3o o veiculo n\u00e3o estiver dispon\u00edvel, serei cobrado? <span class=\"fa fa-angle-down\"><\/span>\n                        <\/a>\n                    <\/h5>\n                <\/div>\n                <div id=\"collapse-2-6236972\" class=\"collapse\" aria-labelledby=\"heading-2-6236972\" data-parent=\"#accordion-6236972\">\n                    <div class=\"card-body\">\n                        \"Lorem ipsum dolor sit amet, consectetur adipiscing elit, sed do eiusmod tempor incididunt ut labore et dolore magna aliqua. Ut enim ad minim veniam, quis nostrud exercitation ullamco laboris nisi ut aliquip ex ea commodo consequat. Duis aute irure dolor in reprehenderit in voluptate velit esse cillum dolore eu fugiat nulla pariatur. Excepteur sint occaecat cupidatat non proident, sunt in culpa qui officia deserunt mollit anim id est laborum.\"                    <\/div>\n                <\/div>\n            <\/div>\n                <\/div>\n    <\/div>\n    \n    <\/div><\/div><\/div><\/div><\/div><\/div><\/div><\/div><\/div><\/section>","protected":false},"excerpt":{"rendered":"Geral P. Como devo proceder para atualizar meu cadastro? \"Lorem ipsum dolor sit amet, consectetur adipiscing elit, sed do eiusmod tempor incididunt ut labore et dolore magna aliqua. Ut enim ad minim veniam, quis nostrud exercitation ullamco laboris nisi ut aliquip ex ea commodo consequat. Duis aute irure dolor in reprehenderit in voluptate velit esse [...]","protected":false},"author":5,"featured_media":0,"parent":0,"menu_order":0,"comment_status":"closed","ping_status":"closed","template":"","meta":[],"yoast_head":"<!-- This site is optimized with the Yoast SEO plugin v20.8 - https:\/\/yoast.com\/wordpress\/plugins\/seo\/ -->\n<title>CarrierWeb - FAQ | Acesse as Principais D\u00favidas de Nossos Clientes<\/title>\n<meta name=\"description\" content=\"Central de ajuda Carrierweb. Acesse o FAQ e tire suas d\u00favidas e entenda melhor o funcionamento do sistema e nossa estrutura operacional.\" \/>\n<meta name=\"robots\" content=\"index, follow, max-snippet:-1, max-image-preview:large, max-video-preview:-1\" \/>\n<link rel=\"canonical\" href=\"https:\/\/www.carrierweb.com.br\/en\/faq\/\" \/>\n<meta property=\"og:locale\" content=\"en_US\" \/>\n<meta property=\"og:type\" content=\"article\" \/>\n<meta property=\"og:title\" content=\"CarrierWeb - FAQ | Acesse as Principais D\u00favidas de Nossos Clientes\" \/>\n<meta property=\"og:description\" content=\"Central de ajuda Carrierweb. Acesse o FAQ e tire suas d\u00favidas e entenda melhor o funcionamento do sistema e nossa estrutura operacional.\" \/>\n<meta property=\"og:url\" content=\"https:\/\/www.carrierweb.com.br\/en\/faq\/\" \/>\n<meta property=\"og:site_name\" content=\"CarrierWeb\" \/>\n<meta property=\"article:modified_time\" content=\"2020-11-11T15:03:50+00:00\" \/>\n<meta name=\"twitter:card\" content=\"summary_large_image\" \/>\n<meta name=\"twitter:label1\" content=\"Est. reading time\" \/>\n\t<meta name=\"twitter:data1\" content=\"5 minutes\" \/>\n<script type=\"application\/ld+json\" class=\"yoast-schema-graph\">{\"@context\":\"https:\/\/schema.org\",\"@graph\":[{\"@type\":\"WebPage\",\"@id\":\"https:\/\/www.carrierweb.com.br\/en\/faq\/\",\"url\":\"https:\/\/www.carrierweb.com.br\/en\/faq\/\",\"name\":\"CarrierWeb - FAQ | Acesse as Principais D\u00favidas de Nossos Clientes\",\"isPartOf\":{\"@id\":\"https:\/\/www.carrierweb.com.br\/#website\"},\"datePublished\":\"2019-04-19T06:54:58+00:00\",\"dateModified\":\"2020-11-11T15:03:50+00:00\",\"description\":\"Central de ajuda Carrierweb. Acesse o FAQ e tire suas d\u00favidas e entenda melhor o funcionamento do sistema e nossa estrutura operacional.\",\"breadcrumb\":{\"@id\":\"https:\/\/www.carrierweb.com.br\/en\/faq\/#breadcrumb\"},\"inLanguage\":\"en-US\",\"potentialAction\":[{\"@type\":\"ReadAction\",\"target\":[\"https:\/\/www.carrierweb.com.br\/en\/faq\/\"]}]},{\"@type\":\"BreadcrumbList\",\"@id\":\"https:\/\/www.carrierweb.com.br\/en\/faq\/#breadcrumb\",\"itemListElement\":[{\"@type\":\"ListItem\",\"position\":1,\"name\":\"In\u00edcio\",\"item\":\"https:\/\/www.carrierweb.com.br\/\"},{\"@type\":\"ListItem\",\"position\":2,\"name\":\"FAQ\"}]},{\"@type\":\"WebSite\",\"@id\":\"https:\/\/www.carrierweb.com.br\/#website\",\"url\":\"https:\/\/www.carrierweb.com.br\/\",\"name\":\"CarrierWeb\",\"description\":\"Gerando Resultados para sua Frota\",\"potentialAction\":[{\"@type\":\"SearchAction\",\"target\":{\"@type\":\"EntryPoint\",\"urlTemplate\":\"https:\/\/www.carrierweb.com.br\/?s={search_term_string}\"},\"query-input\":\"required name=search_term_string\"}],\"inLanguage\":\"en-US\"}]}<\/script>\n<!-- \/ Yoast SEO plugin. -->","yoast_head_json":{"title":"CarrierWeb - FAQ | Acesse as Principais D\u00favidas de Nossos Clientes","description":"Central de ajuda Carrierweb. Acesse o FAQ e tire suas d\u00favidas e entenda melhor o funcionamento do sistema e nossa estrutura operacional.","robots":{"index":"index","follow":"follow","max-snippet":"max-snippet:-1","max-image-preview":"max-image-preview:large","max-video-preview":"max-video-preview:-1"},"canonical":"https:\/\/www.carrierweb.com.br\/en\/faq\/","og_locale":"en_US","og_type":"article","og_title":"CarrierWeb - FAQ | Acesse as Principais D\u00favidas de Nossos Clientes","og_description":"Central de ajuda Carrierweb. Acesse o FAQ e tire suas d\u00favidas e entenda melhor o funcionamento do sistema e nossa estrutura operacional.","og_url":"https:\/\/www.carrierweb.com.br\/en\/faq\/","og_site_name":"CarrierWeb","article_modified_time":"2020-11-11T15:03:50+00:00","twitter_card":"summary_large_image","twitter_misc":{"Est. reading time":"5 minutes"},"schema":{"@context":"https:\/\/schema.org","@graph":[{"@type":"WebPage","@id":"https:\/\/www.carrierweb.com.br\/en\/faq\/","url":"https:\/\/www.carrierweb.com.br\/en\/faq\/","name":"CarrierWeb - FAQ | Acesse as Principais D\u00favidas de Nossos Clientes","isPartOf":{"@id":"https:\/\/www.carrierweb.com.br\/#website"},"datePublished":"2019-04-19T06:54:58+00:00","dateModified":"2020-11-11T15:03:50+00:00","description":"Central de ajuda Carrierweb. Acesse o FAQ e tire suas d\u00favidas e entenda melhor o funcionamento do sistema e nossa estrutura operacional.","breadcrumb":{"@id":"https:\/\/www.carrierweb.com.br\/en\/faq\/#breadcrumb"},"inLanguage":"en-US","potentialAction":[{"@type":"ReadAction","target":["https:\/\/www.carrierweb.com.br\/en\/faq\/"]}]},{"@type":"BreadcrumbList","@id":"https:\/\/www.carrierweb.com.br\/en\/faq\/#breadcrumb","itemListElement":[{"@type":"ListItem","position":1,"name":"In\u00edcio","item":"https:\/\/www.carrierweb.com.br\/"},{"@type":"ListItem","position":2,"name":"FAQ"}]},{"@type":"WebSite","@id":"https:\/\/www.carrierweb.com.br\/#website","url":"https:\/\/www.carrierweb.com.br\/","name":"CarrierWeb","description":"Gerando Resultados para sua Frota","potentialAction":[{"@type":"SearchAction","target":{"@type":"EntryPoint","urlTemplate":"https:\/\/www.carrierweb.com.br\/?s={search_term_string}"},"query-input":"required name=search_term_string"}],"inLanguage":"en-US"}]}},"_links":{"self":[{"href":"https:\/\/www.carrierweb.com.br\/en\/wp-json\/wp\/v2\/pages\/142"}],"collection":[{"href":"https:\/\/www.carrierweb.com.br\/en\/wp-json\/wp\/v2\/pages"}],"about":[{"href":"https:\/\/www.carrierweb.com.br\/en\/wp-json\/wp\/v2\/types\/page"}],"author":[{"embeddable":true,"href":"https:\/\/www.carrierweb.com.br\/en\/wp-json\/wp\/v2\/users\/5"}],"replies":[{"embeddable":true,"href":"https:\/\/www.carrierweb.com.br\/en\/wp-json\/wp\/v2\/comments?post=142"}],"version-history":[{"count":9,"href":"https:\/\/www.carrierweb.com.br\/en\/wp-json\/wp\/v2\/pages\/142\/revisions"}],"predecessor-version":[{"id":3335,"href":"https:\/\/www.carrierweb.com.br\/en\/wp-json\/wp\/v2\/pages\/142\/revisions\/3335"}],"wp:attachment":[{"href":"https:\/\/www.carrierweb.com.br\/en\/wp-json\/wp\/v2\/media?parent=142"}],"curies":[{"name":"wp","href":"https:\/\/api.w.org\/{rel}","templated":true}]}}