{"id":295,"date":"2019-04-23T08:16:04","date_gmt":"2019-04-23T11:16:04","guid":{"rendered":"http:\/\/localhost\/quanto\/?page_id=295"},"modified":"2020-11-11T10:55:38","modified_gmt":"2020-11-11T13:55:38","slug":"a-carrierweb","status":"publish","type":"page","link":"https:\/\/www.carrierweb.com.br\/en\/a-carrierweb\/","title":{"rendered":"CarrierWeb"},"content":{"rendered":"<section class=\"wpb_row vc_row-fluid space-mb vc_custom_1569393670617\"><div class=\"container\"><div class=\"vc_row\"><div class=\"wpb_column vc_column_container vc_col-sm-12\"><div class=\"vc_column-inner  vc_custom_1568342030983\"><div class=\"wpb_wrapper\"><h3 style=\"text-align: left\" class=\"vc_custom_heading\" >Nossa Hist\u00f3ria<\/h3>\n\t<div class=\"wpb_text_column wpb_content_element  vc_custom_1602178501698\" >\n\t\t<div class=\"wpb_wrapper\">\n\t\t\t<p class=\"lead\"><span style=\"color: #404040;\">Presente no mercado do transporte internacional h\u00e1 mais de 19 anos, a CarrierWeb \u00e9 uma multinacional que nasceu com um DNA inovador para o desenvolvimento de tecnologias, que melhora a gest\u00e3o de toda a cadeia do transporte de forma r\u00e1pida, confi\u00e1vel e por um custo que compensa o investimento.<\/span><\/p>\n\n\t\t<\/div>\n\t<\/div>\n<\/div><\/div><\/div><div class=\"wpb_column vc_column_container vc_col-sm-6\"><div class=\"vc_column-inner  vc_custom_1556007171771\"><div class=\"wpb_wrapper\">\n\t<div class=\"wpb_text_column wpb_content_element  vc_custom_1588114551653\" >\n\t\t<div class=\"wpb_wrapper\">\n\t\t\t<p>Resumidamente, a empresa desenvolve tecnologias para gest\u00e3o de frotas que permite otimizar e gerenciar atrav\u00e9s de solu\u00e7\u00f5es IOT, todos os ativos m\u00f3veis de uma empresa que precisa ir al\u00e9m da rastreabilidade b\u00e1sica de um ve\u00edculo.<\/p>\n\n\t\t<\/div>\n\t<\/div>\n<\/div><\/div><\/div><div class=\"mb-bot-0 wpb_column vc_column_container vc_col-sm-6\"><div class=\"vc_column-inner  vc_custom_1569406597289\"><div class=\"wpb_wrapper\">\n\t<div class=\"wpb_text_column wpb_content_element  vc_custom_1588114894413 mb-bot-0\" >\n\t\t<div class=\"wpb_wrapper\">\n\t\t\t<p>Dessa forma, entregamos solu\u00e7\u00f5es e ferramentas que ajuda na tomada de decis\u00e3o, na redu\u00e7\u00e3o dos custos, na melhora da log\u00edstica, na prote\u00e7\u00e3o do patrim\u00f4nio, na redu\u00e7\u00e3o das fraudes, na mobilidade e ainda prevenindo acidentes.<\/p>\n\n\t\t<\/div>\n\t<\/div>\n<\/div><\/div><\/div><\/div><\/div><\/section><section data-vc-full-width=\"true\" data-vc-full-width-init=\"false\" data-vc-stretch-content=\"true\" class=\"wpb_row vc_row-fluid vc_row-full-width\"><div class=\"vc_row\"><div class=\"split-left-img wpb_column vc_column_container vc_col-sm-12 vc_col-has-fill\"><div class=\"vc_column-inner  vc_custom_1588330628717\"><div class=\"wpb_wrapper\"><\/div><\/div><\/div><\/div><\/section><div class=\"vc_row-full-width vc_clearfix\"><\/div><section class=\"wpb_row vc_row-fluid space-mb vc_custom_1569393692376\"><div class=\"container\"><div class=\"vc_row\"><div class=\"wpb_column vc_column_container vc_col-sm-12\"><div class=\"vc_column-inner  vc_custom_1556009052977\"><div class=\"wpb_wrapper\"><h3 style=\"text-align: left\" class=\"vc_custom_heading\" >Nosso Compromisso<\/h3>\n\t<div class=\"wpb_text_column wpb_content_element  vc_custom_1588337968330\" >\n\t\t<div class=\"wpb_wrapper\">\n\t\t\t<p class=\"lead\"><span style=\"color: #404040;\">Agregar valor ao neg\u00f3cio de nossos clientes absolutamente em todos os dias.<\/span><\/p>\n\n\t\t<\/div>\n\t<\/div>\n<\/div><\/div><\/div><div class=\"wpb_column vc_column_container vc_col-sm-6\"><div class=\"vc_column-inner  vc_custom_1556007171771\"><div class=\"wpb_wrapper\">\n\t<div class=\"wpb_text_column wpb_content_element  vc_custom_1588123522920\" >\n\t\t<div class=\"wpb_wrapper\">\n\t\t\t<p>Temos como vis\u00e3o de neg\u00f3cio fornecer inova\u00e7\u00e3o cont\u00ednua em controle e tecnologia de comunica\u00e7\u00e3o para maximizar a efici\u00eancia das opera\u00e7\u00f5es de nossos clientes. Com tecnologia patenteada Always-On\u00ae, garantimos um fluxo de dados cont\u00ednuo e de qualidade para r\u00e1pidas tomada de decis\u00e3o.<\/p>\n\n\t\t<\/div>\n\t<\/div>\n<\/div><\/div><\/div><div class=\"mb-bot-0 wpb_column vc_column_container vc_col-sm-6\"><div class=\"vc_column-inner  vc_custom_1569406605210\"><div class=\"wpb_wrapper\">\n\t<div class=\"wpb_text_column wpb_content_element  vc_custom_1588170108023\" >\n\t\t<div class=\"wpb_wrapper\">\n\t\t\t<p>Nossa miss\u00e3o \u00e9 ajudar clientes, parceiros e o mercado transportador na cria\u00e7\u00e3o de solu\u00e7\u00f5es e ferramentas diferenciadas que melhorem o desempenho log\u00edstico, com produtos inovadores e tecnol\u00f3gicos que forne\u00e7am dados em tempo real para um gest\u00e3o inteligente da frota. <\/p>\n\n\t\t<\/div>\n\t<\/div>\n<\/div><\/div><\/div><\/div><\/div><\/section><section class=\"wpb_row vc_row-fluid bg-primary space-mb vc_custom_1569393704408\"><div class=\"container\"><div class=\"vc_row\"><div class=\"wpb_column vc_column_container vc_col-sm-12 vc_col-lg-offset-2 vc_col-lg-8 vc_col-md-offset-2 vc_col-md-8\"><div class=\"vc_column-inner  vc_custom_1568342074452\"><div class=\"wpb_wrapper\"><h2 style=\"color: #ffffff;text-align: center\" class=\"vc_custom_heading\" >A CarrierWeb em N\u00fameros<\/h2>\n\t<div class=\"wpb_text_column wpb_content_element  vc_custom_1602178529936\" >\n\t\t<div class=\"wpb_wrapper\">\n\t\t\t<p style=\"text-align: center;\"><span style=\"color: #ffffff;\">Com vasta experi\u00eancia internacional e atuando nos mercados mais competitivos do mundo, a CarrierWeb acumulou grande know-how sobre as demandas de empresas que atuam em diferentes setores. Estamos sempre encarando novos desafios e criando novas solu\u00e7\u00f5es para ajudar o mundo do transporte.<\/span><\/p>\n\n\t\t<\/div>\n\t<\/div>\n<\/div><\/div><\/div><div class=\"wpb_column vc_column_container vc_col-sm-6 vc_col-md-3\"><div class=\"vc_column-inner  vc_custom_1556008889747\"><div class=\"wpb_wrapper\">        <div class=\"counter-v2 counter-block text-center text-white\">\n        <div class=\"counter-block-content\">\n            <div class=\"counter counter-block-title text-white\" data-count=\"50000\">10000<\/div>\n                        <p class=\"counter-block-text text-white\">Usu\u00e1rios Ativos<\/p>\n        <\/div>\n    <\/div>\n        <\/div><\/div><\/div><div class=\"wpb_column vc_column_container vc_col-sm-6 vc_col-md-3\"><div class=\"vc_column-inner  vc_custom_1556008894196\"><div class=\"wpb_wrapper\">        <div class=\"counter-v2 counter-block text-center text-white\">\n        <div class=\"counter-block-content\">\n            <div class=\"counter counter-block-title text-white\" data-count=\"03\">1<\/div>\n                        <p class=\"counter-block-text text-white\">Centros de Pesquisas<\/p>\n        <\/div>\n    <\/div>\n        <\/div><\/div><\/div><div class=\"wpb_column vc_column_container vc_col-sm-6 vc_col-md-3\"><div class=\"vc_column-inner\"><div class=\"wpb_wrapper\">        <div class=\"counter-v2 counter-block text-center text-white\">\n        <div class=\"counter-block-content\">\n            <div class=\"counter counter-block-title text-white\" data-count=\"4\">1<\/div>\n                        <p class=\"counter-block-text text-white\">Escrit\u00f3rios no Mundo<\/p>\n        <\/div>\n    <\/div>\n        <\/div><\/div><\/div><div class=\"wpb_column vc_column_container vc_col-sm-6 vc_col-md-3\"><div class=\"vc_column-inner\"><div class=\"wpb_wrapper\">        <div class=\"counter-v2 counter-block text-center text-white\">\n        <div class=\"counter-block-content\">\n            <div class=\"counter counter-block-title text-white\" data-count=\"300\">100<\/div>\n            <span class=\"plus-sign\">+<\/span>            <p class=\"counter-block-text text-white\">Colaboradores<\/p>\n        <\/div>\n    <\/div>\n        <\/div><\/div><\/div><\/div><\/div><\/section><section class=\"wpb_row vc_row-fluid space-mb vc_custom_1569393713733\"><div class=\"container\"><div class=\"vc_row\"><div class=\"wpb_column vc_column_container vc_col-sm-6\"><div class=\"vc_column-inner\"><div class=\"wpb_wrapper\">        <div class=\"card card-pattern-left\">\n        <div class=\"card-header\">\n            <h4 class=\"mb-0\">Clientes e Cases<\/h4>\n        <\/div>\n        <div class=\"card-img zoomimg\">\n            <img src=\"https:\/\/www.carrierweb.com.br\/wp-content\/uploads\/2020\/04\/clientes_carrierweb.jpg\" alt=\"\" class=\"img-fluid\">\n        <\/div>\n        <div class=\"card-body\">\n            <p>Startups ou marcas lideres mundiais. Veja alguns clientes que reduziram seus custos e melhoraram seus processos.<\/p>\n        <\/div>\n        <div class=\"card-footer bg-white\">\n            <a class=\"btn-brand-link\" href=\"http:\/\/www2.carrierweb.com.br\/cases\/\" target=\"_self\">Veja os Resultados<\/a>        <\/div>\n    <\/div>\n    \n    <\/div><\/div><\/div><div class=\"wpb_column vc_column_container vc_col-sm-6\"><div class=\"vc_column-inner\"><div class=\"wpb_wrapper\">        <div class=\"card card-pattern-left\">\n        <div class=\"card-header\">\n            <h4 class=\"mb-0\">Solutions and Services<\/h4>\n        <\/div>\n        <div class=\"card-img zoomimg\">\n            <img src=\"https:\/\/www.carrierweb.com.br\/wp-content\/uploads\/2020\/05\/solucoes_carrierweb.jpg\" alt=\"\" class=\"img-fluid\">\n        <\/div>\n        <div class=\"card-body\">\n            <p>Conhe\u00e7a melhor as solu\u00e7\u00f5es e servi\u00e7os CarrierWeb e saiba o que podemos fazer pelo seu neg\u00f3cio.<\/p>\n        <\/div>\n        <div class=\"card-footer bg-white\">\n            <a class=\"btn-brand-link\" href=\"http:\/\/www2.carrierweb.com.br\/solucoes-e-servicos\/\" target=\"_self\">Conhe\u00e7a Mais<\/a>        <\/div>\n    <\/div>\n    \n    <\/div><\/div><\/div><div class=\"wpb_column vc_column_container vc_col-sm-6\"><div class=\"vc_column-inner\"><div class=\"wpb_wrapper\">        <div class=\"card card-pattern-left\">\n        <div class=\"card-header\">\n            <h4 class=\"mb-0\">Customer's Area<\/h4>\n        <\/div>\n        <div class=\"card-img zoomimg\">\n            <img src=\"https:\/\/www.carrierweb.com.br\/wp-content\/uploads\/2020\/08\/area_cliente_carrierweb.jpg\" alt=\"\" class=\"img-fluid\">\n        <\/div>\n        <div class=\"card-body\">\n            <p>Acesse 2\u00ba via do boleto, manual do cliente, abertura de chamados, contrato, BI, treinamentos, entre outros.<\/p>\n        <\/div>\n        <div class=\"card-footer bg-white\">\n            <a class=\"btn-brand-link\" href=\"http:\/\/www2.carrierweb.com.br\/area-do-cliente\/\" target=\"_self\">Acesse o Portal<\/a>        <\/div>\n    <\/div>\n    \n    <\/div><\/div><\/div><div class=\"wpb_column vc_column_container vc_col-sm-6\"><div class=\"vc_column-inner\"><div class=\"wpb_wrapper\">        <div class=\"card card-pattern-left\">\n        <div class=\"card-header\">\n            <h4 class=\"mb-0\">Career<\/h4>\n        <\/div>\n        <div class=\"card-img zoomimg\">\n            <img src=\"https:\/\/www.carrierweb.com.br\/wp-content\/uploads\/2020\/04\/vagas_carrierweb.jpg\" alt=\"\" class=\"img-fluid\">\n        <\/div>\n        <div class=\"card-body\">\n            <p>Venha fazer parte de nosso time e nos ajude a levar tecnologia de ponta para o mercado transportador.<\/p>\n        <\/div>\n        <div class=\"card-footer bg-white\">\n            <a class=\"btn-brand-link\" href=\"https:\/\/www.linkedin.com\/company\/carrierweb-br\/jobs\/\" target=\" _blank\">Nossas Vagas<\/a>        <\/div>\n    <\/div>\n    \n    <\/div><\/div><\/div><\/div><\/div><\/section>","protected":false},"excerpt":{"rendered":"Nossa Hist\u00f3ria Presente no mercado do transporte internacional h\u00e1 mais de 19 anos, a CarrierWeb \u00e9 uma multinacional que nasceu com um DNA inovador para o desenvolvimento de tecnologias, que melhora a gest\u00e3o de toda a cadeia do transporte de forma r\u00e1pida, confi\u00e1vel e por um custo que compensa o investimento. Resumidamente, a empresa desenvolve [...]","protected":false},"author":5,"featured_media":0,"parent":0,"menu_order":0,"comment_status":"closed","ping_status":"closed","template":"","meta":[],"yoast_head":"<!-- This site is optimized with the Yoast SEO plugin v20.8 - https:\/\/yoast.com\/wordpress\/plugins\/seo\/ -->\n<title>CarrierWeb - Gerando Resultados para sua Frota | DNA Internacional<\/title>\n<meta name=\"description\" content=\"A CarrierWeb \u00e9 uma multinacional de origem holandesa que desenvolve tecnologias para gest\u00e3o de frotas que permite otimizar e gerenciar atrav\u00e9s de solu\u00e7\u00f5es IOT.\" \/>\n<meta name=\"robots\" content=\"index, follow, max-snippet:-1, max-image-preview:large, max-video-preview:-1\" \/>\n<link rel=\"canonical\" href=\"https:\/\/www.carrierweb.com.br\/en\/a-carrierweb\/\" \/>\n<meta property=\"og:locale\" content=\"en_US\" \/>\n<meta property=\"og:type\" content=\"article\" \/>\n<meta property=\"og:title\" content=\"CarrierWeb - Gerando Resultados para sua Frota | DNA Internacional\" \/>\n<meta property=\"og:description\" content=\"A CarrierWeb \u00e9 uma multinacional de origem holandesa que desenvolve tecnologias para gest\u00e3o de frotas que permite otimizar e gerenciar atrav\u00e9s de solu\u00e7\u00f5es IOT.\" \/>\n<meta property=\"og:url\" content=\"https:\/\/www.carrierweb.com.br\/en\/a-carrierweb\/\" \/>\n<meta property=\"og:site_name\" content=\"CarrierWeb\" \/>\n<meta property=\"article:modified_time\" content=\"2020-11-11T13:55:38+00:00\" \/>\n<meta name=\"twitter:card\" content=\"summary_large_image\" \/>\n<meta name=\"twitter:label1\" content=\"Est. reading time\" \/>\n\t<meta name=\"twitter:data1\" content=\"3 minutes\" \/>\n<script type=\"application\/ld+json\" class=\"yoast-schema-graph\">{\"@context\":\"https:\/\/schema.org\",\"@graph\":[{\"@type\":\"WebPage\",\"@id\":\"https:\/\/www.carrierweb.com.br\/a-carrierweb\/\",\"url\":\"https:\/\/www.carrierweb.com.br\/a-carrierweb\/\",\"name\":\"CarrierWeb - Gerando Resultados para sua Frota | DNA Internacional\",\"isPartOf\":{\"@id\":\"https:\/\/www.carrierweb.com.br\/#website\"},\"datePublished\":\"2019-04-23T11:16:04+00:00\",\"dateModified\":\"2020-11-11T13:55:38+00:00\",\"description\":\"A CarrierWeb \u00e9 uma multinacional de origem holandesa que desenvolve tecnologias para gest\u00e3o de frotas que permite otimizar e gerenciar atrav\u00e9s de solu\u00e7\u00f5es IOT.\",\"breadcrumb\":{\"@id\":\"https:\/\/www.carrierweb.com.br\/a-carrierweb\/#breadcrumb\"},\"inLanguage\":\"en-US\",\"potentialAction\":[{\"@type\":\"ReadAction\",\"target\":[\"https:\/\/www.carrierweb.com.br\/a-carrierweb\/\"]}]},{\"@type\":\"BreadcrumbList\",\"@id\":\"https:\/\/www.carrierweb.com.br\/a-carrierweb\/#breadcrumb\",\"itemListElement\":[{\"@type\":\"ListItem\",\"position\":1,\"name\":\"In\u00edcio\",\"item\":\"https:\/\/www.carrierweb.com.br\/\"},{\"@type\":\"ListItem\",\"position\":2,\"name\":\"A CarrierWeb\"}]},{\"@type\":\"WebSite\",\"@id\":\"https:\/\/www.carrierweb.com.br\/#website\",\"url\":\"https:\/\/www.carrierweb.com.br\/\",\"name\":\"CarrierWeb\",\"description\":\"Gerando Resultados para sua Frota\",\"potentialAction\":[{\"@type\":\"SearchAction\",\"target\":{\"@type\":\"EntryPoint\",\"urlTemplate\":\"https:\/\/www.carrierweb.com.br\/?s={search_term_string}\"},\"query-input\":\"required name=search_term_string\"}],\"inLanguage\":\"en-US\"}]}<\/script>\n<!-- \/ Yoast SEO plugin. -->","yoast_head_json":{"title":"CarrierWeb - Gerando Resultados para sua Frota | DNA Internacional","description":"A CarrierWeb \u00e9 uma multinacional de origem holandesa que desenvolve tecnologias para gest\u00e3o de frotas que permite otimizar e gerenciar atrav\u00e9s de solu\u00e7\u00f5es IOT.","robots":{"index":"index","follow":"follow","max-snippet":"max-snippet:-1","max-image-preview":"max-image-preview:large","max-video-preview":"max-video-preview:-1"},"canonical":"https:\/\/www.carrierweb.com.br\/en\/a-carrierweb\/","og_locale":"en_US","og_type":"article","og_title":"CarrierWeb - Gerando Resultados para sua Frota | DNA Internacional","og_description":"A CarrierWeb \u00e9 uma multinacional de origem holandesa que desenvolve tecnologias para gest\u00e3o de frotas que permite otimizar e gerenciar atrav\u00e9s de solu\u00e7\u00f5es IOT.","og_url":"https:\/\/www.carrierweb.com.br\/en\/a-carrierweb\/","og_site_name":"CarrierWeb","article_modified_time":"2020-11-11T13:55:38+00:00","twitter_card":"summary_large_image","twitter_misc":{"Est. reading time":"3 minutes"},"schema":{"@context":"https:\/\/schema.org","@graph":[{"@type":"WebPage","@id":"https:\/\/www.carrierweb.com.br\/a-carrierweb\/","url":"https:\/\/www.carrierweb.com.br\/a-carrierweb\/","name":"CarrierWeb - Gerando Resultados para sua Frota | DNA Internacional","isPartOf":{"@id":"https:\/\/www.carrierweb.com.br\/#website"},"datePublished":"2019-04-23T11:16:04+00:00","dateModified":"2020-11-11T13:55:38+00:00","description":"A CarrierWeb \u00e9 uma multinacional de origem holandesa que desenvolve tecnologias para gest\u00e3o de frotas que permite otimizar e gerenciar atrav\u00e9s de solu\u00e7\u00f5es IOT.","breadcrumb":{"@id":"https:\/\/www.carrierweb.com.br\/a-carrierweb\/#breadcrumb"},"inLanguage":"en-US","potentialAction":[{"@type":"ReadAction","target":["https:\/\/www.carrierweb.com.br\/a-carrierweb\/"]}]},{"@type":"BreadcrumbList","@id":"https:\/\/www.carrierweb.com.br\/a-carrierweb\/#breadcrumb","itemListElement":[{"@type":"ListItem","position":1,"name":"In\u00edcio","item":"https:\/\/www.carrierweb.com.br\/"},{"@type":"ListItem","position":2,"name":"A CarrierWeb"}]},{"@type":"WebSite","@id":"https:\/\/www.carrierweb.com.br\/#website","url":"https:\/\/www.carrierweb.com.br\/","name":"CarrierWeb","description":"Gerando Resultados para sua Frota","potentialAction":[{"@type":"SearchAction","target":{"@type":"EntryPoint","urlTemplate":"https:\/\/www.carrierweb.com.br\/?s={search_term_string}"},"query-input":"required name=search_term_string"}],"inLanguage":"en-US"}]}},"_links":{"self":[{"href":"https:\/\/www.carrierweb.com.br\/en\/wp-json\/wp\/v2\/pages\/295"}],"collection":[{"href":"https:\/\/www.carrierweb.com.br\/en\/wp-json\/wp\/v2\/pages"}],"about":[{"href":"https:\/\/www.carrierweb.com.br\/en\/wp-json\/wp\/v2\/types\/page"}],"author":[{"embeddable":true,"href":"https:\/\/www.carrierweb.com.br\/en\/wp-json\/wp\/v2\/users\/5"}],"replies":[{"embeddable":true,"href":"https:\/\/www.carrierweb.com.br\/en\/wp-json\/wp\/v2\/comments?post=295"}],"version-history":[{"count":57,"href":"https:\/\/www.carrierweb.com.br\/en\/wp-json\/wp\/v2\/pages\/295\/revisions"}],"predecessor-version":[{"id":4832,"href":"https:\/\/www.carrierweb.com.br\/en\/wp-json\/wp\/v2\/pages\/295\/revisions\/4832"}],"wp:attachment":[{"href":"https:\/\/www.carrierweb.com.br\/en\/wp-json\/wp\/v2\/media?parent=295"}],"curies":[{"name":"wp","href":"https:\/\/api.w.org\/{rel}","templated":true}]}}