{"id":3198,"date":"2020-05-03T13:25:15","date_gmt":"2020-05-03T16:25:15","guid":{"rendered":"http:\/\/34.207.157.75\/?page_id=3198"},"modified":"2020-11-10T23:45:14","modified_gmt":"2020-11-11T02:45:14","slug":"solucoes-e-servicos","status":"publish","type":"page","link":"https:\/\/www.carrierweb.com.br\/en\/solucoes-e-servicos\/","title":{"rendered":"Solu\u00e7\u00f5es e Servi\u00e7os | detalhes no menu Loan"},"content":{"rendered":"<section class=\"wpb_row vc_row-fluid vc_custom_1588523408975\"><div class=\"container\"><div class=\"vc_row\"><div class=\"wpb_column vc_column_container vc_col-sm-12\"><div class=\"vc_column-inner\"><div class=\"wpb_wrapper\"><h2 style=\"font-size: 60px;color: #bf2126;line-height: 70px;text-align: left\" class=\"vc_custom_heading vc_custom_1588523493204\" >Portf\u00f3lio de solu\u00e7\u00f5es<br \/>\ne servi\u00e7os<\/h2>\n\t<div class=\"wpb_text_column wpb_content_element\" >\n\t\t<div class=\"wpb_wrapper\">\n\t\t\t<p><span style=\"color: #4a4666;\">Confiabilidade e seguran\u00e7a de dados. Identifique a solu\u00e7\u00e3o certa para sua necessidade e se preferir, fale com um especialista de frotas CarrierWeb para ajud\u00e1-lo na escolha.<\/span><\/p>\n\n\t\t<\/div>\n\t<\/div>\n\n<div class=\"row\">\n        \n       <div class=\"col-lg-4 col-md-6 col-sm-12 col-12\">\n            <div class=\"service-block-v5 service-block card-pattern-bottom\">\n                <div class=\"service-block-img\">\n                    <img src=\"https:\/\/www.carrierweb.com.br\/wp-content\/uploads\/2020\/05\/carrierweb_reefermate.jpg\" alt=\"\" class=\"img-fluid\">\n                    <div class=\"service-block-icon\"><i class=\"\"><\/i><\/div>\n                <\/div>\n                <div class=\"service-block-content\">\n                    <h4 class=\"service-block-title\"><a href=\"https:\/\/www.carrierweb.com.br\/en\/solucoes\/gestao-cargas-refrigeradas\/\">Cargas Refrigeradas<\/a><\/h4>\n                    <p class=\"service-block-text\">Monitoramento e gest\u00e3o para a refrigera\u00e7\u00e3o das carretas.<\/p>\n                <\/div>\n                <div class=\"service-block-footer d-flex justify-content-center\">\n                    <div class=\"service-block-footer-item service-footer-item-bordered\">\n                        <a href=\"https:\/\/www.carrierweb.com.br\/en\/solucoes\/gestao-cargas-refrigeradas\/  \" class=\"\"> Explore Mais <\/a>\n                    <\/div>\n                                        <div class=\"service-block-footer-item service-footer-bordered\">\n                        <a href=\"http:\/\/54.242.171.2\/wordpress\/contato\/\" class=\"\">Solicite Agora<\/a>\n                    <\/div>\n                                    <\/div>\n            <\/div>\n        <\/div>\n        \n       <div class=\"col-lg-4 col-md-6 col-sm-12 col-12\">\n            <div class=\"service-block-v5 service-block card-pattern-bottom\">\n                <div class=\"service-block-img\">\n                    <img src=\"https:\/\/www.carrierweb.com.br\/wp-content\/uploads\/2019\/05\/carrierweb_telemetria.jpg\" alt=\"\" class=\"img-fluid\">\n                    <div class=\"service-block-icon\"><i class=\"\"><\/i><\/div>\n                <\/div>\n                <div class=\"service-block-content\">\n                    <h4 class=\"service-block-title\"><a href=\"https:\/\/www.carrierweb.com.br\/en\/solucoes\/comportamento-de-direcao\/\">Comportamento de Dire\u00e7\u00e3o<\/a><\/h4>\n                    <p class=\"service-block-text\">Gest\u00e3o do comportamento dos motoristas.<\/p>\n                <\/div>\n                <div class=\"service-block-footer d-flex justify-content-center\">\n                    <div class=\"service-block-footer-item service-footer-item-bordered\">\n                        <a href=\"https:\/\/www.carrierweb.com.br\/en\/solucoes\/comportamento-de-direcao\/  \" class=\"\"> Explore Mais <\/a>\n                    <\/div>\n                                        <div class=\"service-block-footer-item service-footer-bordered\">\n                        <a href=\"http:\/\/54.242.171.2\/wordpress\/contato\/\" class=\"\">Solicite Agora<\/a>\n                    <\/div>\n                                    <\/div>\n            <\/div>\n        <\/div>\n        \n       <div class=\"col-lg-4 col-md-6 col-sm-12 col-12\">\n            <div class=\"service-block-v5 service-block card-pattern-bottom\">\n                <div class=\"service-block-img\">\n                    <img src=\"https:\/\/www.carrierweb.com.br\/wp-content\/uploads\/2020\/06\/carrierweb_telemetria_frota.jpg\" alt=\"\" class=\"img-fluid\">\n                    <div class=\"service-block-icon\"><i class=\"\"><\/i><\/div>\n                <\/div>\n                <div class=\"service-block-content\">\n                    <h4 class=\"service-block-title\"><a href=\"https:\/\/www.carrierweb.com.br\/en\/solucoes\/telemetria-da-frota\/\">Telemetria da Frota<\/a><\/h4>\n                    <p class=\"service-block-text\">Ideal para gest\u00e3o de frotas e redu\u00e7\u00e3o de custos.<\/p>\n                <\/div>\n                <div class=\"service-block-footer d-flex justify-content-center\">\n                    <div class=\"service-block-footer-item service-footer-item-bordered\">\n                        <a href=\"https:\/\/www.carrierweb.com.br\/en\/solucoes\/telemetria-da-frota\/  \" class=\"\"> Explore Mais <\/a>\n                    <\/div>\n                                        <div class=\"service-block-footer-item service-footer-bordered\">\n                        <a href=\"http:\/\/54.242.171.2\/wordpress\/contato\/\" class=\"\">Solicite Agora<\/a>\n                    <\/div>\n                                    <\/div>\n            <\/div>\n        <\/div>\n        \n       <div class=\"col-lg-4 col-md-6 col-sm-12 col-12\">\n            <div class=\"service-block-v5 service-block card-pattern-bottom\">\n                <div class=\"service-block-img\">\n                    <img src=\"https:\/\/www.carrierweb.com.br\/wp-content\/uploads\/2020\/06\/carrierweb_gest\u00e3o_de_combust\u00edvel.jpg\" alt=\"\" class=\"img-fluid\">\n                    <div class=\"service-block-icon\"><i class=\"\"><\/i><\/div>\n                <\/div>\n                <div class=\"service-block-content\">\n                    <h4 class=\"service-block-title\"><a href=\"https:\/\/www.carrierweb.com.br\/en\/solucoes\/gestao-de-combustivel\/\">Gest\u00e3o de Combust\u00edvel<\/a><\/h4>\n                    <p class=\"service-block-text\">Controle o consumo ou desvio de combust\u00edvel da frota.<\/p>\n                <\/div>\n                <div class=\"service-block-footer d-flex justify-content-center\">\n                    <div class=\"service-block-footer-item service-footer-item-bordered\">\n                        <a href=\"https:\/\/www.carrierweb.com.br\/en\/solucoes\/gestao-de-combustivel\/  \" class=\"\"> Explore Mais <\/a>\n                    <\/div>\n                                        <div class=\"service-block-footer-item service-footer-bordered\">\n                        <a href=\"http:\/\/54.242.171.2\/wordpress\/contato\/\" class=\"\">Solicite Agora<\/a>\n                    <\/div>\n                                    <\/div>\n            <\/div>\n        <\/div>\n        \n       <div class=\"col-lg-4 col-md-6 col-sm-12 col-12\">\n            <div class=\"service-block-v5 service-block card-pattern-bottom\">\n                <div class=\"service-block-img\">\n                    <img src=\"https:\/\/www.carrierweb.com.br\/wp-content\/uploads\/2020\/06\/carrierweb_gest\u00e3o_de_manuten\u00e7\u00e3o.jpg\" alt=\"\" class=\"img-fluid\">\n                    <div class=\"service-block-icon\"><i class=\"\"><\/i><\/div>\n                <\/div>\n                <div class=\"service-block-content\">\n                    <h4 class=\"service-block-title\"><a href=\"https:\/\/www.carrierweb.com.br\/en\/solucoes\/gestao-de-manutencao\/\">Gest\u00e3o de Manuten\u00e7\u00e3o<\/a><\/h4>\n                    <p class=\"service-block-text\">Reduza os gastos com as manuten\u00e7\u00f5es.<\/p>\n                <\/div>\n                <div class=\"service-block-footer d-flex justify-content-center\">\n                    <div class=\"service-block-footer-item service-footer-item-bordered\">\n                        <a href=\"https:\/\/www.carrierweb.com.br\/en\/solucoes\/gestao-de-manutencao\/  \" class=\"\"> Explore Mais <\/a>\n                    <\/div>\n                                        <div class=\"service-block-footer-item service-footer-bordered\">\n                        <a href=\"http:\/\/54.242.171.2\/wordpress\/contato\/\" class=\"\">Solicite Agora<\/a>\n                    <\/div>\n                                    <\/div>\n            <\/div>\n        <\/div>\n        \n       <div class=\"col-lg-4 col-md-6 col-sm-12 col-12\">\n            <div class=\"service-block-v5 service-block card-pattern-bottom\">\n                <div class=\"service-block-img\">\n                    <img src=\"https:\/\/www.carrierweb.com.br\/wp-content\/uploads\/2019\/05\/carrierweb_controle_de_jornada.jpg\" alt=\"\" class=\"img-fluid\">\n                    <div class=\"service-block-icon\"><i class=\"\"><\/i><\/div>\n                <\/div>\n                <div class=\"service-block-content\">\n                    <h4 class=\"service-block-title\"><a href=\"https:\/\/www.carrierweb.com.br\/en\/solucoes\/controle-de-jornada\/\">Jornada do Motorista<\/a><\/h4>\n                    <p class=\"service-block-text\">Vis\u00e3o cont\u00ednua e completa das atividades do motorista.<\/p>\n                <\/div>\n                <div class=\"service-block-footer d-flex justify-content-center\">\n                    <div class=\"service-block-footer-item service-footer-item-bordered\">\n                        <a href=\"https:\/\/www.carrierweb.com.br\/en\/solucoes\/controle-de-jornada\/  \" class=\"\"> Explore Mais <\/a>\n                    <\/div>\n                                        <div class=\"service-block-footer-item service-footer-bordered\">\n                        <a href=\"http:\/\/54.242.171.2\/wordpress\/contato\/\" class=\"\">Solicite Agora<\/a>\n                    <\/div>\n                                    <\/div>\n            <\/div>\n        <\/div>\n        \n       <div class=\"col-lg-4 col-md-6 col-sm-12 col-12\">\n            <div class=\"service-block-v5 service-block card-pattern-bottom\">\n                <div class=\"service-block-img\">\n                    <img src=\"https:\/\/www.carrierweb.com.br\/wp-content\/uploads\/2019\/05\/carrierweb_seguran\u00e7a.jpg\" alt=\"\" class=\"img-fluid\">\n                    <div class=\"service-block-icon\"><i class=\"\"><\/i><\/div>\n                <\/div>\n                <div class=\"service-block-content\">\n                    <h4 class=\"service-block-title\"><a href=\"https:\/\/www.carrierweb.com.br\/en\/solucoes\/prevencao-de-perdas\/\">Preven\u00e7\u00e3o de Perdas<\/a><\/h4>\n                    <p class=\"service-block-text\">Solu\u00e7\u00e3o de seguran\u00e7a completa e com detec\u00e7\u00e3o de jammer.<\/p>\n                <\/div>\n                <div class=\"service-block-footer d-flex justify-content-center\">\n                    <div class=\"service-block-footer-item service-footer-item-bordered\">\n                        <a href=\"https:\/\/www.carrierweb.com.br\/en\/solucoes\/prevencao-de-perdas\/  \" class=\"\"> Explore Mais <\/a>\n                    <\/div>\n                                        <div class=\"service-block-footer-item service-footer-bordered\">\n                        <a href=\"http:\/\/54.242.171.2\/wordpress\/contato\/\" class=\"\">Solicite Agora<\/a>\n                    <\/div>\n                                    <\/div>\n            <\/div>\n        <\/div>\n        \n       <div class=\"col-lg-4 col-md-6 col-sm-12 col-12\">\n            <div class=\"service-block-v5 service-block card-pattern-bottom\">\n                <div class=\"service-block-img\">\n                    <img src=\"https:\/\/www.carrierweb.com.br\/wp-content\/uploads\/2019\/05\/carrierweb_logistica.jpg\" alt=\"\" class=\"img-fluid\">\n                    <div class=\"service-block-icon\"><i class=\"\"><\/i><\/div>\n                <\/div>\n                <div class=\"service-block-content\">\n                    <h4 class=\"service-block-title\"><a href=\"https:\/\/www.carrierweb.com.br\/en\/solucoes\/logistica\/\">Produtividade Log\u00edstica<\/a><\/h4>\n                    <p class=\"service-block-text\">Rastreamento para um controle log\u00edstico inteligente.<\/p>\n                <\/div>\n                <div class=\"service-block-footer d-flex justify-content-center\">\n                    <div class=\"service-block-footer-item service-footer-item-bordered\">\n                        <a href=\"https:\/\/www.carrierweb.com.br\/en\/solucoes\/logistica\/  \" class=\"\"> Explore Mais <\/a>\n                    <\/div>\n                                        <div class=\"service-block-footer-item service-footer-bordered\">\n                        <a href=\"http:\/\/54.242.171.2\/wordpress\/contato\/\" class=\"\">Solicite Agora<\/a>\n                    <\/div>\n                                    <\/div>\n            <\/div>\n        <\/div>\n        \n       <div class=\"col-lg-4 col-md-6 col-sm-12 col-12\">\n            <div class=\"service-block-v5 service-block card-pattern-bottom\">\n                <div class=\"service-block-img\">\n                    <img src=\"https:\/\/www.carrierweb.com.br\/wp-content\/uploads\/2020\/03\/carrierweb_portatil_isca_de_carga.jpg\" alt=\"\" class=\"img-fluid\">\n                    <div class=\"service-block-icon\"><i class=\"\"><\/i><\/div>\n                <\/div>\n                <div class=\"service-block-content\">\n                    <h4 class=\"service-block-title\"><a href=\"https:\/\/www.carrierweb.com.br\/en\/solucoes\/gestao-de-entregas\/\">Gest\u00e3o de Entregas<\/a><\/h4>\n                    <p class=\"service-block-text\">Controle de entregas e coletas de forma automatizada.<\/p>\n                <\/div>\n                <div class=\"service-block-footer d-flex justify-content-center\">\n                    <div class=\"service-block-footer-item service-footer-item-bordered\">\n                        <a href=\"https:\/\/www.carrierweb.com.br\/en\/solucoes\/gestao-de-entregas\/  \" class=\"\"> Explore Mais <\/a>\n                    <\/div>\n                                        <div class=\"service-block-footer-item service-footer-bordered\">\n                        <a href=\"http:\/\/54.242.171.2\/wordpress\/contato\/\" class=\"\">Solicite Agora<\/a>\n                    <\/div>\n                                    <\/div>\n            <\/div>\n        <\/div>\n        \n       <div class=\"col-lg-4 col-md-6 col-sm-12 col-12\">\n            <div class=\"service-block-v5 service-block card-pattern-bottom\">\n                <div class=\"service-block-img\">\n                    <img src=\"https:\/\/www.carrierweb.com.br\/wp-content\/uploads\/2020\/03\/carrierweb_dashboard.jpg\" alt=\"\" class=\"img-fluid\">\n                    <div class=\"service-block-icon\"><i class=\"\"><\/i><\/div>\n                <\/div>\n                <div class=\"service-block-content\">\n                    <h4 class=\"service-block-title\"><a href=\"https:\/\/www.carrierweb.com.br\/en\/solucoes\/sala-de-controle-e-bpo\/\">Sala de Controle e BPO<\/a><\/h4>\n                    <p class=\"service-block-text\">Indicadores de performance e analistas para gest\u00e3o da frota.<\/p>\n                <\/div>\n                <div class=\"service-block-footer d-flex justify-content-center\">\n                    <div class=\"service-block-footer-item service-footer-item-bordered\">\n                        <a href=\"https:\/\/www.carrierweb.com.br\/en\/solucoes\/sala-de-controle-e-bpo\/  \" class=\"\"> Explore Mais <\/a>\n                    <\/div>\n                                        <div class=\"service-block-footer-item service-footer-bordered\">\n                        <a href=\"http:\/\/54.242.171.2\/wordpress\/contato\/\" class=\"\">Solicite Agora<\/a>\n                    <\/div>\n                                    <\/div>\n            <\/div>\n        <\/div>\n      <\/div>  \n\n<\/div><\/div><\/div><\/div><\/div><\/section>","protected":false},"excerpt":{"rendered":"Benef\u00edcios Diferenciais Solu\u00e7\u00f5es Completas Cadastre e Ganhe Sala de Controle e BPO | Servi\u00e7os Personalizados Dashboards customizados para sala de controle com os principais indiciadores da opera\u00e7\u00e3o, al\u00e9m de operadores ou analistas dedicados, para ajudar na gest\u00e3o da frota e an\u00e1lise dos principais indicadores da opera\u00e7\u00e3o do cliente. Dashboards Customizados Pain\u00e9is din\u00e2micos de TV com [...]","protected":false},"author":5,"featured_media":0,"parent":0,"menu_order":0,"comment_status":"closed","ping_status":"closed","template":"","meta":[],"yoast_head":"<!-- This site is optimized with the Yoast SEO plugin v20.8 - https:\/\/yoast.com\/wordpress\/plugins\/seo\/ -->\n<title>CarrierWeb - Solu\u00e7\u00f5es e Servi\u00e7os para Rastreamento e Gest\u00e3o de Frotas<\/title>\n<meta name=\"description\" content=\"Linha completa de solu\u00e7\u00f5es para rastreamento, controle log\u00edstico, seguran\u00e7a, telemetria, carga refrigerada, preven\u00e7\u00e3o de acidentes e gest\u00e3o de frotas.\" \/>\n<meta name=\"robots\" content=\"index, follow, max-snippet:-1, max-image-preview:large, max-video-preview:-1\" \/>\n<link rel=\"canonical\" href=\"https:\/\/www.carrierweb.com.br\/en\/solucoes-e-servicos\/\" \/>\n<meta property=\"og:locale\" content=\"en_US\" \/>\n<meta property=\"og:type\" content=\"article\" \/>\n<meta property=\"og:title\" content=\"CarrierWeb - Solu\u00e7\u00f5es e Servi\u00e7os para Rastreamento e Gest\u00e3o de Frotas\" \/>\n<meta property=\"og:description\" content=\"Linha completa de solu\u00e7\u00f5es para rastreamento, controle log\u00edstico, seguran\u00e7a, telemetria, carga refrigerada, preven\u00e7\u00e3o de acidentes e gest\u00e3o de frotas.\" \/>\n<meta property=\"og:url\" content=\"https:\/\/www.carrierweb.com.br\/en\/solucoes-e-servicos\/\" \/>\n<meta property=\"og:site_name\" content=\"CarrierWeb\" \/>\n<meta property=\"article:modified_time\" content=\"2020-11-11T02:45:14+00:00\" \/>\n<meta name=\"twitter:card\" content=\"summary_large_image\" \/>\n<meta name=\"twitter:label1\" content=\"Est. reading time\" \/>\n\t<meta name=\"twitter:data1\" content=\"1 minute\" \/>\n<script type=\"application\/ld+json\" class=\"yoast-schema-graph\">{\"@context\":\"https:\/\/schema.org\",\"@graph\":[{\"@type\":\"WebPage\",\"@id\":\"https:\/\/www.carrierweb.com.br\/solucoes-e-servicos\/\",\"url\":\"https:\/\/www.carrierweb.com.br\/solucoes-e-servicos\/\",\"name\":\"CarrierWeb - Solu\u00e7\u00f5es e Servi\u00e7os para Rastreamento e Gest\u00e3o de Frotas\",\"isPartOf\":{\"@id\":\"https:\/\/www.carrierweb.com.br\/#website\"},\"datePublished\":\"2020-05-03T16:25:15+00:00\",\"dateModified\":\"2020-11-11T02:45:14+00:00\",\"description\":\"Linha completa de solu\u00e7\u00f5es para rastreamento, controle log\u00edstico, seguran\u00e7a, telemetria, carga refrigerada, preven\u00e7\u00e3o de acidentes e gest\u00e3o de frotas.\",\"breadcrumb\":{\"@id\":\"https:\/\/www.carrierweb.com.br\/solucoes-e-servicos\/#breadcrumb\"},\"inLanguage\":\"en-US\",\"potentialAction\":[{\"@type\":\"ReadAction\",\"target\":[\"https:\/\/www.carrierweb.com.br\/solucoes-e-servicos\/\"]}]},{\"@type\":\"BreadcrumbList\",\"@id\":\"https:\/\/www.carrierweb.com.br\/solucoes-e-servicos\/#breadcrumb\",\"itemListElement\":[{\"@type\":\"ListItem\",\"position\":1,\"name\":\"In\u00edcio\",\"item\":\"https:\/\/www.carrierweb.com.br\/\"},{\"@type\":\"ListItem\",\"position\":2,\"name\":\"Solu\u00e7\u00f5es e Servi\u00e7os | detalhes no menu Loan\"}]},{\"@type\":\"WebSite\",\"@id\":\"https:\/\/www.carrierweb.com.br\/#website\",\"url\":\"https:\/\/www.carrierweb.com.br\/\",\"name\":\"CarrierWeb\",\"description\":\"Gerando Resultados para sua Frota\",\"potentialAction\":[{\"@type\":\"SearchAction\",\"target\":{\"@type\":\"EntryPoint\",\"urlTemplate\":\"https:\/\/www.carrierweb.com.br\/?s={search_term_string}\"},\"query-input\":\"required name=search_term_string\"}],\"inLanguage\":\"en-US\"}]}<\/script>\n<!-- \/ Yoast SEO plugin. -->","yoast_head_json":{"title":"CarrierWeb - Solu\u00e7\u00f5es e Servi\u00e7os para Rastreamento e Gest\u00e3o de Frotas","description":"Linha completa de solu\u00e7\u00f5es para rastreamento, controle log\u00edstico, seguran\u00e7a, telemetria, carga refrigerada, preven\u00e7\u00e3o de acidentes e gest\u00e3o de frotas.","robots":{"index":"index","follow":"follow","max-snippet":"max-snippet:-1","max-image-preview":"max-image-preview:large","max-video-preview":"max-video-preview:-1"},"canonical":"https:\/\/www.carrierweb.com.br\/en\/solucoes-e-servicos\/","og_locale":"en_US","og_type":"article","og_title":"CarrierWeb - Solu\u00e7\u00f5es e Servi\u00e7os para Rastreamento e Gest\u00e3o de Frotas","og_description":"Linha completa de solu\u00e7\u00f5es para rastreamento, controle log\u00edstico, seguran\u00e7a, telemetria, carga refrigerada, preven\u00e7\u00e3o de acidentes e gest\u00e3o de frotas.","og_url":"https:\/\/www.carrierweb.com.br\/en\/solucoes-e-servicos\/","og_site_name":"CarrierWeb","article_modified_time":"2020-11-11T02:45:14+00:00","twitter_card":"summary_large_image","twitter_misc":{"Est. reading time":"1 minute"},"schema":{"@context":"https:\/\/schema.org","@graph":[{"@type":"WebPage","@id":"https:\/\/www.carrierweb.com.br\/solucoes-e-servicos\/","url":"https:\/\/www.carrierweb.com.br\/solucoes-e-servicos\/","name":"CarrierWeb - Solu\u00e7\u00f5es e Servi\u00e7os para Rastreamento e Gest\u00e3o de Frotas","isPartOf":{"@id":"https:\/\/www.carrierweb.com.br\/#website"},"datePublished":"2020-05-03T16:25:15+00:00","dateModified":"2020-11-11T02:45:14+00:00","description":"Linha completa de solu\u00e7\u00f5es para rastreamento, controle log\u00edstico, seguran\u00e7a, telemetria, carga refrigerada, preven\u00e7\u00e3o de acidentes e gest\u00e3o de frotas.","breadcrumb":{"@id":"https:\/\/www.carrierweb.com.br\/solucoes-e-servicos\/#breadcrumb"},"inLanguage":"en-US","potentialAction":[{"@type":"ReadAction","target":["https:\/\/www.carrierweb.com.br\/solucoes-e-servicos\/"]}]},{"@type":"BreadcrumbList","@id":"https:\/\/www.carrierweb.com.br\/solucoes-e-servicos\/#breadcrumb","itemListElement":[{"@type":"ListItem","position":1,"name":"In\u00edcio","item":"https:\/\/www.carrierweb.com.br\/"},{"@type":"ListItem","position":2,"name":"Solu\u00e7\u00f5es e Servi\u00e7os | detalhes no menu Loan"}]},{"@type":"WebSite","@id":"https:\/\/www.carrierweb.com.br\/#website","url":"https:\/\/www.carrierweb.com.br\/","name":"CarrierWeb","description":"Gerando Resultados para sua Frota","potentialAction":[{"@type":"SearchAction","target":{"@type":"EntryPoint","urlTemplate":"https:\/\/www.carrierweb.com.br\/?s={search_term_string}"},"query-input":"required name=search_term_string"}],"inLanguage":"en-US"}]}},"_links":{"self":[{"href":"https:\/\/www.carrierweb.com.br\/en\/wp-json\/wp\/v2\/pages\/3198"}],"collection":[{"href":"https:\/\/www.carrierweb.com.br\/en\/wp-json\/wp\/v2\/pages"}],"about":[{"href":"https:\/\/www.carrierweb.com.br\/en\/wp-json\/wp\/v2\/types\/page"}],"author":[{"embeddable":true,"href":"https:\/\/www.carrierweb.com.br\/en\/wp-json\/wp\/v2\/users\/5"}],"replies":[{"embeddable":true,"href":"https:\/\/www.carrierweb.com.br\/en\/wp-json\/wp\/v2\/comments?post=3198"}],"version-history":[{"count":10,"href":"https:\/\/www.carrierweb.com.br\/en\/wp-json\/wp\/v2\/pages\/3198\/revisions"}],"predecessor-version":[{"id":4310,"href":"https:\/\/www.carrierweb.com.br\/en\/wp-json\/wp\/v2\/pages\/3198\/revisions\/4310"}],"wp:attachment":[{"href":"https:\/\/www.carrierweb.com.br\/en\/wp-json\/wp\/v2\/media?parent=3198"}],"curies":[{"name":"wp","href":"https:\/\/api.w.org\/{rel}","templated":true}]}}