{"id":3756,"date":"2020-08-11T20:41:59","date_gmt":"2020-08-11T23:41:59","guid":{"rendered":"http:\/\/34.207.157.75\/?page_id=3756"},"modified":"2021-04-12T11:09:36","modified_gmt":"2021-04-12T14:09:36","slug":"demo","status":"publish","type":"page","link":"https:\/\/www.carrierweb.com.br\/en\/demo\/","title":{"rendered":"Landing Page Demonstra\u00e7\u00e3o"},"content":{"rendered":"<section class=\"wpb_row vc_row-fluid vc_custom_1597571663514 vc_row-has-fill\"><div class=\"container\"><div class=\"vc_row\"><div class=\"wpb_column vc_column_container vc_col-sm-12\"><div class=\"vc_column-inner\"><div class=\"wpb_wrapper\"><h1 style=\"font-size: 46px;color: #ffffff;line-height: 54px;text-align: center\" class=\"vc_custom_heading vc_custom_1597571705425\" >Fa\u00e7a a escolha certa. Traga a sua frota para a Carrierweb e reduza em at\u00e9 60% o seu custo de rastreamento!<\/h1><\/div><\/div><\/div><\/div><\/div><\/section><section class=\"wpb_row vc_row-fluid\"><div class=\"container\"><div class=\"vc_row\"><div class=\"wpb_column vc_column_container vc_col-sm-6\"><div class=\"vc_column-inner  vc_custom_1597434419766\"><div class=\"wpb_wrapper\"><h2 style=\"font-size: 26px;text-align: left\" class=\"vc_custom_heading vc_custom_1599260161418\" >Conte-nos um pouco sobre a sua opera\u00e7\u00e3o e agende uma demonstra\u00e7\u00e3o com nossos especialistas de frotas.<\/h2>\n\t<div class=\"wpb_text_column wpb_content_element  vc_custom_1618236570755\" >\n\t\t<div class=\"wpb_wrapper\">\n\t\t\t<ul class=\"list-unstyled arrow\">\n<li><strong>PRESENTE NO BRASIL<\/strong> | Desde 2005 a CarrierWeb \u00e9 l\u00edder em solu\u00e7\u00f5es para gest\u00e3o de frotas.<\/li>\n<li><strong>PRODUTO INTERNACIONAL<\/strong> | Solu\u00e7\u00e3o utilizada por grandes embarcadores e frotas nos EUA, Europa, \u00c1frica e China.<\/li>\n<li><strong>TECNOLOGIA PR\u00d3PRIA<\/strong> | Hardware e Software pr\u00f3prios que permitem mais flexibilidade nas customiza\u00e7\u00f5es.<\/li>\n<li><strong>PORTF\u00d3LIO COMPLETO<\/strong> | De solu\u00e7\u00f5es e plataforma de software exclusiva.<\/li>\n<li><strong>API DE INTEGRA\u00c7\u00c3O<\/strong> | Informa\u00e7\u00e3o real-time da sua opera\u00e7\u00e3o no seu software (Roteirizadores, TMS, ERPs, SAP).<\/li>\n<li><strong>EQUIPE DE ENGENHARIA<\/strong> | E desenvolvimento no Brasil.<\/li>\n<li><strong>PRESEN\u00c7A EM GRANDES CLIENTES<\/strong> | Como AmBev, JBS, Danone e Petrobras.<\/li>\n<li><strong>RANKING DE MOTORISTA<\/strong> | Sem custo adicional em todos os planos desta oferta.<\/li>\n<li><strong>DASHBOARD PARA SALA DE CONTROLE<\/strong> | Com os principais indicadores da opera\u00e7\u00e3o atualizados a cada 3 minutos.<\/li>\n<li><strong>PROPOSTA DETALHADA<\/strong> | Com todas as informa\u00e7\u00f5es para voc\u00ea tomar a decis\u00e3o correta.<\/li>\n<\/ul>\n\n\t\t<\/div>\n\t<\/div>\n<\/div><\/div><\/div><div class=\"wpb_column vc_column_container vc_col-sm-6\"><div class=\"vc_column-inner  vc_custom_1618236559065\"><div class=\"wpb_wrapper\">\n\t<div class=\"wpb_raw_code wpb_content_element wpb_raw_html\" >\n\t\t<div class=\"wpb_wrapper\">\n\t\t\t<script data-b24-form=\"inline\/9\/19tkrz\" data-skip-moving=\"true\"> (function(w,d,u){ var s=d.createElement('script');s.async=true;s.src=u+'?'+(Date.now()\/180000|0); var h=d.getElementsByTagName('script')[0];h.parentNode.insertBefore(s,h); })(window,document,'https:\/\/cdn.bitrix24.com\/b17205263\/crm\/form\/loader_9.js'); <\/script>\n\t\t<\/div>\n\t<\/div>\n<\/div><\/div><\/div><\/div><\/div><\/section>","protected":false},"excerpt":{"rendered":"Fa\u00e7a a escolha certa. Traga a sua frota para a Carrierweb e reduza em at\u00e9 60% o seu custo de rastreamento!Conte-nos um pouco sobre a sua opera\u00e7\u00e3o e agende uma demonstra\u00e7\u00e3o com nossos especialistas de frotas. PRESENTE NO BRASIL | Desde 2005 a CarrierWeb \u00e9 l\u00edder em solu\u00e7\u00f5es para gest\u00e3o de frotas. PRODUTO INTERNACIONAL | [...]","protected":false},"author":5,"featured_media":0,"parent":0,"menu_order":0,"comment_status":"closed","ping_status":"closed","template":"","meta":[],"yoast_head":"<!-- This site is optimized with the Yoast SEO plugin v20.8 - https:\/\/yoast.com\/wordpress\/plugins\/seo\/ -->\n<title>CarrierWeb - Agende uma Demonstra\u00e7\u00e3o com Nossos Especialistas<\/title>\n<meta name=\"description\" content=\"Conte-nos um pouco sobre a sua opera\u00e7\u00e3o e reduza em at\u00e9 60% o seu custo de rastreamento! Preencha o Formul\u00e1rio e Agende uma Demonstra\u00e7\u00e3o.\" \/>\n<meta name=\"robots\" content=\"index, follow, max-snippet:-1, max-image-preview:large, max-video-preview:-1\" \/>\n<link rel=\"canonical\" href=\"https:\/\/www.carrierweb.com.br\/en\/demo\/\" \/>\n<meta property=\"og:locale\" content=\"en_US\" \/>\n<meta property=\"og:type\" content=\"article\" \/>\n<meta property=\"og:title\" content=\"CarrierWeb - Agende uma Demonstra\u00e7\u00e3o com Nossos Especialistas\" \/>\n<meta property=\"og:description\" content=\"Conte-nos um pouco sobre a sua opera\u00e7\u00e3o e reduza em at\u00e9 60% o seu custo de rastreamento! Preencha o Formul\u00e1rio e Agende uma Demonstra\u00e7\u00e3o.\" \/>\n<meta property=\"og:url\" content=\"https:\/\/www.carrierweb.com.br\/en\/demo\/\" \/>\n<meta property=\"og:site_name\" content=\"CarrierWeb\" \/>\n<meta property=\"article:modified_time\" content=\"2021-04-12T14:09:36+00:00\" \/>\n<meta name=\"twitter:card\" content=\"summary_large_image\" \/>\n<meta name=\"twitter:label1\" content=\"Est. reading time\" \/>\n\t<meta name=\"twitter:data1\" content=\"2 minutes\" \/>\n<script type=\"application\/ld+json\" class=\"yoast-schema-graph\">{\"@context\":\"https:\/\/schema.org\",\"@graph\":[{\"@type\":\"WebPage\",\"@id\":\"https:\/\/www.carrierweb.com.br\/demo\/\",\"url\":\"https:\/\/www.carrierweb.com.br\/demo\/\",\"name\":\"CarrierWeb - Agende uma Demonstra\u00e7\u00e3o com Nossos Especialistas\",\"isPartOf\":{\"@id\":\"https:\/\/www.carrierweb.com.br\/#website\"},\"datePublished\":\"2020-08-11T23:41:59+00:00\",\"dateModified\":\"2021-04-12T14:09:36+00:00\",\"description\":\"Conte-nos um pouco sobre a sua opera\u00e7\u00e3o e reduza em at\u00e9 60% o seu custo de rastreamento! Preencha o Formul\u00e1rio e Agende uma Demonstra\u00e7\u00e3o.\",\"breadcrumb\":{\"@id\":\"https:\/\/www.carrierweb.com.br\/demo\/#breadcrumb\"},\"inLanguage\":\"en-US\",\"potentialAction\":[{\"@type\":\"ReadAction\",\"target\":[\"https:\/\/www.carrierweb.com.br\/demo\/\"]}]},{\"@type\":\"BreadcrumbList\",\"@id\":\"https:\/\/www.carrierweb.com.br\/demo\/#breadcrumb\",\"itemListElement\":[{\"@type\":\"ListItem\",\"position\":1,\"name\":\"In\u00edcio\",\"item\":\"https:\/\/www.carrierweb.com.br\/\"},{\"@type\":\"ListItem\",\"position\":2,\"name\":\"Landing Page Demonstra\u00e7\u00e3o\"}]},{\"@type\":\"WebSite\",\"@id\":\"https:\/\/www.carrierweb.com.br\/#website\",\"url\":\"https:\/\/www.carrierweb.com.br\/\",\"name\":\"CarrierWeb\",\"description\":\"Gerando Resultados para sua Frota\",\"potentialAction\":[{\"@type\":\"SearchAction\",\"target\":{\"@type\":\"EntryPoint\",\"urlTemplate\":\"https:\/\/www.carrierweb.com.br\/?s={search_term_string}\"},\"query-input\":\"required name=search_term_string\"}],\"inLanguage\":\"en-US\"}]}<\/script>\n<!-- \/ Yoast SEO plugin. -->","yoast_head_json":{"title":"CarrierWeb - Agende uma Demonstra\u00e7\u00e3o com Nossos Especialistas","description":"Conte-nos um pouco sobre a sua opera\u00e7\u00e3o e reduza em at\u00e9 60% o seu custo de rastreamento! Preencha o Formul\u00e1rio e Agende uma Demonstra\u00e7\u00e3o.","robots":{"index":"index","follow":"follow","max-snippet":"max-snippet:-1","max-image-preview":"max-image-preview:large","max-video-preview":"max-video-preview:-1"},"canonical":"https:\/\/www.carrierweb.com.br\/en\/demo\/","og_locale":"en_US","og_type":"article","og_title":"CarrierWeb - Agende uma Demonstra\u00e7\u00e3o com Nossos Especialistas","og_description":"Conte-nos um pouco sobre a sua opera\u00e7\u00e3o e reduza em at\u00e9 60% o seu custo de rastreamento! Preencha o Formul\u00e1rio e Agende uma Demonstra\u00e7\u00e3o.","og_url":"https:\/\/www.carrierweb.com.br\/en\/demo\/","og_site_name":"CarrierWeb","article_modified_time":"2021-04-12T14:09:36+00:00","twitter_card":"summary_large_image","twitter_misc":{"Est. reading time":"2 minutes"},"schema":{"@context":"https:\/\/schema.org","@graph":[{"@type":"WebPage","@id":"https:\/\/www.carrierweb.com.br\/demo\/","url":"https:\/\/www.carrierweb.com.br\/demo\/","name":"CarrierWeb - Agende uma Demonstra\u00e7\u00e3o com Nossos Especialistas","isPartOf":{"@id":"https:\/\/www.carrierweb.com.br\/#website"},"datePublished":"2020-08-11T23:41:59+00:00","dateModified":"2021-04-12T14:09:36+00:00","description":"Conte-nos um pouco sobre a sua opera\u00e7\u00e3o e reduza em at\u00e9 60% o seu custo de rastreamento! Preencha o Formul\u00e1rio e Agende uma Demonstra\u00e7\u00e3o.","breadcrumb":{"@id":"https:\/\/www.carrierweb.com.br\/demo\/#breadcrumb"},"inLanguage":"en-US","potentialAction":[{"@type":"ReadAction","target":["https:\/\/www.carrierweb.com.br\/demo\/"]}]},{"@type":"BreadcrumbList","@id":"https:\/\/www.carrierweb.com.br\/demo\/#breadcrumb","itemListElement":[{"@type":"ListItem","position":1,"name":"In\u00edcio","item":"https:\/\/www.carrierweb.com.br\/"},{"@type":"ListItem","position":2,"name":"Landing Page Demonstra\u00e7\u00e3o"}]},{"@type":"WebSite","@id":"https:\/\/www.carrierweb.com.br\/#website","url":"https:\/\/www.carrierweb.com.br\/","name":"CarrierWeb","description":"Gerando Resultados para sua Frota","potentialAction":[{"@type":"SearchAction","target":{"@type":"EntryPoint","urlTemplate":"https:\/\/www.carrierweb.com.br\/?s={search_term_string}"},"query-input":"required name=search_term_string"}],"inLanguage":"en-US"}]}},"_links":{"self":[{"href":"https:\/\/www.carrierweb.com.br\/en\/wp-json\/wp\/v2\/pages\/3756"}],"collection":[{"href":"https:\/\/www.carrierweb.com.br\/en\/wp-json\/wp\/v2\/pages"}],"about":[{"href":"https:\/\/www.carrierweb.com.br\/en\/wp-json\/wp\/v2\/types\/page"}],"author":[{"embeddable":true,"href":"https:\/\/www.carrierweb.com.br\/en\/wp-json\/wp\/v2\/users\/5"}],"replies":[{"embeddable":true,"href":"https:\/\/www.carrierweb.com.br\/en\/wp-json\/wp\/v2\/comments?post=3756"}],"version-history":[{"count":52,"href":"https:\/\/www.carrierweb.com.br\/en\/wp-json\/wp\/v2\/pages\/3756\/revisions"}],"predecessor-version":[{"id":4558,"href":"https:\/\/www.carrierweb.com.br\/en\/wp-json\/wp\/v2\/pages\/3756\/revisions\/4558"}],"wp:attachment":[{"href":"https:\/\/www.carrierweb.com.br\/en\/wp-json\/wp\/v2\/media?parent=3756"}],"curies":[{"name":"wp","href":"https:\/\/api.w.org\/{rel}","templated":true}]}}