{"id":3877,"date":"2020-08-16T09:12:03","date_gmt":"2020-08-16T12:12:03","guid":{"rendered":"http:\/\/34.207.157.75\/?page_id=3877"},"modified":"2020-11-11T11:22:56","modified_gmt":"2020-11-11T14:22:56","slug":"cases","status":"publish","type":"page","link":"https:\/\/www.carrierweb.com.br\/en\/cases\/","title":{"rendered":"Cases"},"content":{"rendered":"<section class=\"wpb_row vc_row-fluid vc_custom_1597579977734\"><div class=\"container\"><div class=\"vc_row\"><div class=\"wpb_column vc_column_container vc_col-sm-4\"><div class=\"vc_column-inner\"><div class=\"wpb_wrapper\">        <div class=\"card card-pattern-left\">\n        <div class=\"card-header\">\n            <h4 class=\"mb-0\">Case Ambev | Brasil<\/h4>\n        <\/div>\n        <div class=\"card-img zoomimg\">\n            <img src=\"https:\/\/www.carrierweb.com.br\/wp-content\/uploads\/2020\/08\/carrierweb_case_ambev1.jpg\" alt=\"\" class=\"img-fluid\">\n        <\/div>\n        <div class=\"card-body\">\n            <ul class=\"list-unstyled arrow\">\n<li>Seguran\u00e7a do Transporte.<\/li>\n<li>+ de 2 mil ve\u00edculos.<\/li>\n<li>Cliente desde 2010.<\/li>\n<li>Solu\u00e7\u00e3o Customizada.<\/li>\n<\/ul>\n        <\/div>\n        <div class=\"card-footer bg-white\">\n            <a class=\"btn-brand-link\" href=\"http:\/\/www2.carrierweb.com.br\/cases\/ambev\/\" target=\"_self\">Conhe\u00e7a os Detalhes<\/a>        <\/div>\n    <\/div>\n    \n    <\/div><\/div><\/div><div class=\"wpb_column vc_column_container vc_col-sm-4\"><div class=\"vc_column-inner\"><div class=\"wpb_wrapper\">        <div class=\"card card-pattern-left\">\n        <div class=\"card-header\">\n            <h4 class=\"mb-0\">Case Supergasbras | Brasil<\/h4>\n        <\/div>\n        <div class=\"card-img zoomimg\">\n            <img src=\"https:\/\/www.carrierweb.com.br\/wp-content\/uploads\/2020\/08\/carrierweb_case_supergasbras.jpg\" alt=\"\" class=\"img-fluid\">\n        <\/div>\n        <div class=\"card-body\">\n            <ul class=\"list-unstyled arrow\">\n<li>Seguran\u00e7a do Transporte.<\/li>\n<li>75 ve\u00edculos.<\/li>\n<li>Cliente desde 2016.<\/li>\n<li>Solu\u00e7\u00e3o Customizada.<\/li>\n<\/ul>\n        <\/div>\n        <div class=\"card-footer bg-white\">\n            <a class=\"btn-brand-link\" href=\"http:\/\/www2.carrierweb.com.br\/cases\/supergasbras\/\" target=\"_self\">Conhe\u00e7a os Detalhes<\/a>        <\/div>\n    <\/div>\n    \n    <\/div><\/div><\/div><div class=\"wpb_column vc_column_container vc_col-sm-4\"><div class=\"vc_column-inner\"><div class=\"wpb_wrapper\">        <div class=\"card card-pattern-left\">\n        <div class=\"card-header\">\n            <h4 class=\"mb-0\">Case Danone | Marrocos<\/h4>\n        <\/div>\n        <div class=\"card-img zoomimg\">\n            <img src=\"https:\/\/www.carrierweb.com.br\/wp-content\/uploads\/2020\/08\/carrierweb_case_danone.jpg\" alt=\"\" class=\"img-fluid\">\n        <\/div>\n        <div class=\"card-body\">\n            <ul class=\"list-unstyled arrow\">\n<li>Integridade da Carga Fria.<\/li>\n<li>+ de 200 Ve\u00edculos.<\/li>\n<li>Cliente desde 2010.<\/li>\n<li>Solu\u00e7\u00e3o ReeferMate\u00ae.<\/li>\n<\/ul>\n        <\/div>\n        <div class=\"card-footer bg-white\">\n            <a class=\"btn-brand-link\" href=\"http:\/\/www2.carrierweb.com.br\/cases\/danone\/\" target=\"_self\">Conhe\u00e7a os Detalhes<\/a>        <\/div>\n    <\/div>\n    \n    <\/div><\/div><\/div><\/div><\/div><\/section><section class=\"wpb_row vc_row-fluid vc_custom_1597586999849\"><div class=\"container\"><div class=\"vc_row\"><div class=\"wpb_column vc_column_container vc_col-sm-4\"><div class=\"vc_column-inner\"><div class=\"wpb_wrapper\">        <div class=\"card card-pattern-left\">\n        <div class=\"card-header\">\n            <h4 class=\"mb-0\">Incluir Novo Case | Brasil<\/h4>\n        <\/div>\n        <div class=\"card-img zoomimg\">\n            <img src=\"https:\/\/www.carrierweb.com.br\/wp-content\/uploads\/2020\/08\/carrierweb_imagem_backup.jpg\" alt=\"\" class=\"img-fluid\">\n        <\/div>\n        <div class=\"card-body\">\n            <ul class=\"list-unstyled arrow\">\n<li>Lorem ipsum dolor sit.<\/li>\n<li>Lorem ipsum dolor sit.<\/li>\n<li>Lorem ipsum dolor sit.<\/li>\n<li>Lorem ipsum dolor sit.<\/li>\n<\/ul>\n        <\/div>\n        <div class=\"card-footer bg-white\">\n            <a class=\"btn-brand-link\" href=\"#\" target=\"_self\">Conhe\u00e7a os Detalhes<\/a>        <\/div>\n    <\/div>\n    \n    <\/div><\/div><\/div><div class=\"wpb_column vc_column_container vc_col-sm-4\"><div class=\"vc_column-inner\"><div class=\"wpb_wrapper\">        <div class=\"card card-pattern-left\">\n        <div class=\"card-header\">\n            <h4 class=\"mb-0\">Incluir Novo Case | Brasil<\/h4>\n        <\/div>\n        <div class=\"card-img zoomimg\">\n            <img src=\"https:\/\/www.carrierweb.com.br\/wp-content\/uploads\/2020\/08\/carrierweb_imagem_backup.jpg\" alt=\"\" class=\"img-fluid\">\n        <\/div>\n        <div class=\"card-body\">\n            <ul class=\"list-unstyled arrow\">\n<li>Lorem ipsum dolor sit.<\/li>\n<li>Lorem ipsum dolor sit.<\/li>\n<li>Lorem ipsum dolor sit.<\/li>\n<li>Lorem ipsum dolor sit.<\/li>\n<\/ul>\n        <\/div>\n        <div class=\"card-footer bg-white\">\n            <a class=\"btn-brand-link\" href=\"#\" target=\"_self\">Conhe\u00e7a os Detalhes<\/a>        <\/div>\n    <\/div>\n    \n    <\/div><\/div><\/div><div class=\"wpb_column vc_column_container vc_col-sm-4\"><div class=\"vc_column-inner\"><div class=\"wpb_wrapper\">        <div class=\"card card-pattern-left\">\n        <div class=\"card-header\">\n            <h4 class=\"mb-0\">Incluir Novo Case | Brasil<\/h4>\n        <\/div>\n        <div class=\"card-img zoomimg\">\n            <img src=\"https:\/\/www.carrierweb.com.br\/wp-content\/uploads\/2020\/08\/carrierweb_imagem_backup.jpg\" alt=\"\" class=\"img-fluid\">\n        <\/div>\n        <div class=\"card-body\">\n            <ul class=\"list-unstyled arrow\">\n<li>Lorem ipsum dolor sit.<\/li>\n<li>Lorem ipsum dolor sit.<\/li>\n<li>Lorem ipsum dolor sit.<\/li>\n<li>Lorem ipsum dolor sit.<\/li>\n<\/ul>\n        <\/div>\n        <div class=\"card-footer bg-white\">\n            <a class=\"btn-brand-link\" href=\"#\" target=\"_self\">Conhe\u00e7a os Detalhes<\/a>        <\/div>\n    <\/div>\n    \n    <\/div><\/div><\/div><\/div><\/div><\/section>","protected":false},"excerpt":{"rendered":"Case Ambev | Brasil Seguran\u00e7a do Transporte. + de 2 mil ve\u00edculos. Cliente desde 2010. Solu\u00e7\u00e3o Customizada. Conhe\u00e7a os Detalhes Case Supergasbras | Brasil Seguran\u00e7a do Transporte. 75 ve\u00edculos. Cliente desde 2016. Solu\u00e7\u00e3o Customizada. Conhe\u00e7a os Detalhes Case Danone | Marrocos Integridade da Carga Fria. + de 200 Ve\u00edculos. Cliente desde 2010. Solu\u00e7\u00e3o ReeferMate\u00ae. Conhe\u00e7a [...]","protected":false},"author":5,"featured_media":0,"parent":0,"menu_order":0,"comment_status":"closed","ping_status":"closed","template":"","meta":[],"yoast_head":"<!-- This site is optimized with the Yoast SEO plugin v20.8 - https:\/\/yoast.com\/wordpress\/plugins\/seo\/ -->\n<title>CarrierWeb - Cases | Veja como Nossos Clientes Reduziram seus Custos<\/title>\n<meta name=\"description\" content=\"Os clientes, como nosso pessoal, s\u00e3o nossos ativos mais valiosos. Veja alguns clientes que reduziram seus custos e melhoraram seus processos.\" \/>\n<meta name=\"robots\" content=\"index, follow, max-snippet:-1, max-image-preview:large, max-video-preview:-1\" \/>\n<link rel=\"canonical\" href=\"https:\/\/www.carrierweb.com.br\/en\/cases\/\" \/>\n<meta property=\"og:locale\" content=\"en_US\" \/>\n<meta property=\"og:type\" content=\"article\" \/>\n<meta property=\"og:title\" content=\"CarrierWeb - Cases | Veja como Nossos Clientes Reduziram seus Custos\" \/>\n<meta property=\"og:description\" content=\"Os clientes, como nosso pessoal, s\u00e3o nossos ativos mais valiosos. Veja alguns clientes que reduziram seus custos e melhoraram seus processos.\" \/>\n<meta property=\"og:url\" content=\"https:\/\/www.carrierweb.com.br\/en\/cases\/\" \/>\n<meta property=\"og:site_name\" content=\"CarrierWeb\" \/>\n<meta property=\"article:modified_time\" content=\"2020-11-11T14:22:56+00:00\" \/>\n<meta name=\"twitter:card\" content=\"summary_large_image\" \/>\n<meta name=\"twitter:label1\" content=\"Est. reading time\" \/>\n\t<meta name=\"twitter:data1\" content=\"1 minute\" \/>\n<script type=\"application\/ld+json\" class=\"yoast-schema-graph\">{\"@context\":\"https:\/\/schema.org\",\"@graph\":[{\"@type\":\"WebPage\",\"@id\":\"https:\/\/www.carrierweb.com.br\/en\/cases\/\",\"url\":\"https:\/\/www.carrierweb.com.br\/en\/cases\/\",\"name\":\"CarrierWeb - Cases | Veja como Nossos Clientes Reduziram seus Custos\",\"isPartOf\":{\"@id\":\"https:\/\/www.carrierweb.com.br\/#website\"},\"datePublished\":\"2020-08-16T12:12:03+00:00\",\"dateModified\":\"2020-11-11T14:22:56+00:00\",\"description\":\"Os clientes, como nosso pessoal, s\u00e3o nossos ativos mais valiosos. Veja alguns clientes que reduziram seus custos e melhoraram seus processos.\",\"breadcrumb\":{\"@id\":\"https:\/\/www.carrierweb.com.br\/en\/cases\/#breadcrumb\"},\"inLanguage\":\"en-US\",\"potentialAction\":[{\"@type\":\"ReadAction\",\"target\":[\"https:\/\/www.carrierweb.com.br\/en\/cases\/\"]}]},{\"@type\":\"BreadcrumbList\",\"@id\":\"https:\/\/www.carrierweb.com.br\/en\/cases\/#breadcrumb\",\"itemListElement\":[{\"@type\":\"ListItem\",\"position\":1,\"name\":\"In\u00edcio\",\"item\":\"https:\/\/www.carrierweb.com.br\/\"},{\"@type\":\"ListItem\",\"position\":2,\"name\":\"Cases\"}]},{\"@type\":\"WebSite\",\"@id\":\"https:\/\/www.carrierweb.com.br\/#website\",\"url\":\"https:\/\/www.carrierweb.com.br\/\",\"name\":\"CarrierWeb\",\"description\":\"Gerando Resultados para sua Frota\",\"potentialAction\":[{\"@type\":\"SearchAction\",\"target\":{\"@type\":\"EntryPoint\",\"urlTemplate\":\"https:\/\/www.carrierweb.com.br\/?s={search_term_string}\"},\"query-input\":\"required name=search_term_string\"}],\"inLanguage\":\"en-US\"}]}<\/script>\n<!-- \/ Yoast SEO plugin. -->","yoast_head_json":{"title":"CarrierWeb - Cases | Veja como Nossos Clientes Reduziram seus Custos","description":"Os clientes, como nosso pessoal, s\u00e3o nossos ativos mais valiosos. Veja alguns clientes que reduziram seus custos e melhoraram seus processos.","robots":{"index":"index","follow":"follow","max-snippet":"max-snippet:-1","max-image-preview":"max-image-preview:large","max-video-preview":"max-video-preview:-1"},"canonical":"https:\/\/www.carrierweb.com.br\/en\/cases\/","og_locale":"en_US","og_type":"article","og_title":"CarrierWeb - Cases | Veja como Nossos Clientes Reduziram seus Custos","og_description":"Os clientes, como nosso pessoal, s\u00e3o nossos ativos mais valiosos. Veja alguns clientes que reduziram seus custos e melhoraram seus processos.","og_url":"https:\/\/www.carrierweb.com.br\/en\/cases\/","og_site_name":"CarrierWeb","article_modified_time":"2020-11-11T14:22:56+00:00","twitter_card":"summary_large_image","twitter_misc":{"Est. reading time":"1 minute"},"schema":{"@context":"https:\/\/schema.org","@graph":[{"@type":"WebPage","@id":"https:\/\/www.carrierweb.com.br\/en\/cases\/","url":"https:\/\/www.carrierweb.com.br\/en\/cases\/","name":"CarrierWeb - Cases | Veja como Nossos Clientes Reduziram seus Custos","isPartOf":{"@id":"https:\/\/www.carrierweb.com.br\/#website"},"datePublished":"2020-08-16T12:12:03+00:00","dateModified":"2020-11-11T14:22:56+00:00","description":"Os clientes, como nosso pessoal, s\u00e3o nossos ativos mais valiosos. Veja alguns clientes que reduziram seus custos e melhoraram seus processos.","breadcrumb":{"@id":"https:\/\/www.carrierweb.com.br\/en\/cases\/#breadcrumb"},"inLanguage":"en-US","potentialAction":[{"@type":"ReadAction","target":["https:\/\/www.carrierweb.com.br\/en\/cases\/"]}]},{"@type":"BreadcrumbList","@id":"https:\/\/www.carrierweb.com.br\/en\/cases\/#breadcrumb","itemListElement":[{"@type":"ListItem","position":1,"name":"In\u00edcio","item":"https:\/\/www.carrierweb.com.br\/"},{"@type":"ListItem","position":2,"name":"Cases"}]},{"@type":"WebSite","@id":"https:\/\/www.carrierweb.com.br\/#website","url":"https:\/\/www.carrierweb.com.br\/","name":"CarrierWeb","description":"Gerando Resultados para sua Frota","potentialAction":[{"@type":"SearchAction","target":{"@type":"EntryPoint","urlTemplate":"https:\/\/www.carrierweb.com.br\/?s={search_term_string}"},"query-input":"required name=search_term_string"}],"inLanguage":"en-US"}]}},"_links":{"self":[{"href":"https:\/\/www.carrierweb.com.br\/en\/wp-json\/wp\/v2\/pages\/3877"}],"collection":[{"href":"https:\/\/www.carrierweb.com.br\/en\/wp-json\/wp\/v2\/pages"}],"about":[{"href":"https:\/\/www.carrierweb.com.br\/en\/wp-json\/wp\/v2\/types\/page"}],"author":[{"embeddable":true,"href":"https:\/\/www.carrierweb.com.br\/en\/wp-json\/wp\/v2\/users\/5"}],"replies":[{"embeddable":true,"href":"https:\/\/www.carrierweb.com.br\/en\/wp-json\/wp\/v2\/comments?post=3877"}],"version-history":[{"count":22,"href":"https:\/\/www.carrierweb.com.br\/en\/wp-json\/wp\/v2\/pages\/3877\/revisions"}],"predecessor-version":[{"id":3883,"href":"https:\/\/www.carrierweb.com.br\/en\/wp-json\/wp\/v2\/pages\/3877\/revisions\/3883"}],"wp:attachment":[{"href":"https:\/\/www.carrierweb.com.br\/en\/wp-json\/wp\/v2\/media?parent=3877"}],"curies":[{"name":"wp","href":"https:\/\/api.w.org\/{rel}","templated":true}]}}