{"id":460,"date":"2019-04-25T09:01:54","date_gmt":"2019-04-25T09:01:54","guid":{"rendered":"http:\/\/localhost\/quanto\/?page_id=460"},"modified":"2020-11-11T11:10:15","modified_gmt":"2020-11-11T14:10:15","slug":"carrierweb_brasil","status":"publish","type":"page","link":"https:\/\/www.carrierweb.com.br\/en\/carrierweb_brasil\/","title":{"rendered":"A Carrierweb Brasil v4"},"content":{"rendered":"<section class=\"wpb_row vc_row-fluid vc_custom_1556182784665\"><div class=\"container\"><div class=\"vc_row\"><div class=\"wpb_column vc_column_container vc_col-sm-12\"><div class=\"vc_column-inner  vc_custom_1556182772200\"><div class=\"wpb_wrapper\"><h2 style=\"font-size: 60px;color: #bf2126;line-height: 70px;text-align: left\" class=\"vc_custom_heading vc_custom_1588337130892\" >N\u00f3s agregamos<br \/>\nvalor ao seu neg\u00f3cio<\/h2>\n\t<div class=\"wpb_text_column wpb_content_element  vc_custom_1588337286978\" >\n\t\t<div class=\"wpb_wrapper\">\n\t\t\t<p><span style=\"color: #4a4666;\">Presente no Brasil, desde 2005, a CARRIERWEB \u00e9 uma empresa especializada no desenvolvimento de solu\u00e7\u00f5es customizadas para controle log\u00edstico, seguran\u00e7a, telemetria e preven\u00e7\u00e3o de acidentes. Nosso foco \u00e9 a redu\u00e7\u00e3o de custos e aumento da produtividade da frota, com atua\u00e7\u00e3o n\u00e3o apenas no segmento terrestre, mas tamb\u00e9m no mar\u00edtimo e no fluvial.<\/span><\/p>\n\n\t\t<\/div>\n\t<\/div>\n<\/div><\/div><\/div><\/div><\/div><\/section><section data-vc-full-width=\"true\" data-vc-full-width-init=\"false\" class=\"wpb_row vc_row-fluid vc_row-full-width\"><div class=\"vc_row\"><div class=\"wpb_column vc_column_container vc_col-sm-6 vc_col-has-fill\"><div class=\"vc_column-inner  vc_custom_1583241234995\"><div class=\"wpb_wrapper\"><\/div><\/div><\/div><div class=\"wpb_column vc_column_container vc_col-sm-6 vc_col-has-fill\"><div class=\"vc_column-inner  vc_custom_1583243862708\"><div class=\"wpb_wrapper\"><\/div><\/div><\/div><\/div><\/section><div class=\"vc_row-full-width vc_clearfix\"><\/div><section class=\"wpb_row vc_row-fluid vc_custom_1588450128092 vc_row-has-fill\"><div class=\"container\"><div class=\"vc_row\"><div class=\"wpb_column vc_column_container vc_col-sm-12\"><div class=\"vc_column-inner\"><div class=\"wpb_wrapper\"><div class=\"vc_row wpb_row vc_inner vc_row-fluid\"><div class=\"wpb_column vc_column_container vc_col-sm-12 vc_col-lg-offset-3 vc_col-lg-6 vc_col-md-offset-2 vc_col-md-8\"><div class=\"vc_column-inner vc_custom_1588339632302\"><div class=\"wpb_wrapper\"><h2 style=\"text-align: center\" class=\"vc_custom_heading\" >Brazil Structure<\/h2>\n\t<div class=\"wpb_text_column wpb_content_element  vc_custom_1588339310321\" >\n\t\t<div class=\"wpb_wrapper\">\n\t\t\t<p style=\"text-align: center;\">Contamos com atua\u00e7\u00e3o t\u00e9cnica e comercial em 100% do territ\u00f3rio nacional e atendimento exclusivo 24h por dia. Nossa equipe de t\u00e9cnicos criteriosamente selecionados e treinados est\u00e3o preparados para solucionar problemas de manuten\u00e7\u00e3o onde e quando voc\u00ea precisar.<\/p>\n\n\t\t<\/div>\n\t<\/div>\n<\/div><\/div><\/div><\/div><div class=\"vc_row wpb_row vc_inner vc_row-fluid\"><div class=\"wpb_column vc_column_container vc_col-sm-6 vc_col-md-4\"><div class=\"vc_column-inner vc_custom_1556183649637\"><div class=\"wpb_wrapper\">        <div class=\"feature-block-v7 feature-block\">\n        <div class=\"feature-icon\" style=\"background-color:#bf2126;color:#ffffff;\">\n            <i class=\"fas fa-desktop\"><\/i>\n        <\/div>\n        <div class=\"feature-content\">\n            <h4>Central 24h + Pronta Resposta<\/h4>            <p>Disponibilizamos uma central de monitoramento 24 horas e ainda um servi\u00e7o de pronta resposta de qualidade.<\/p>\n \n                    <\/div>\n    <\/div>\n    \n    <\/div><\/div><\/div><div class=\"wpb_column vc_column_container vc_col-sm-6 vc_col-md-4\"><div class=\"vc_column-inner vc_custom_1556183644933\"><div class=\"wpb_wrapper\">        <div class=\"feature-block-v7 feature-block\">\n        <div class=\"feature-icon\" style=\"background-color:#bf2126;color:#ffffff;\">\n            <i class=\"fas fa-tools\"><\/i>\n        <\/div>\n        <div class=\"feature-content\">\n            <h4>Rede T\u00e9cnica Nacional<\/h4>            <p>Contamos com uma rede credenciada com mais de 120 pontos de atendimento em todo territ\u00f3rio nacional.<\/p>\n \n                    <\/div>\n    <\/div>\n    \n    <\/div><\/div><\/div><div class=\"wpb_column vc_column_container vc_col-sm-6 vc_col-md-4\"><div class=\"vc_column-inner vc_custom_1556183640949\"><div class=\"wpb_wrapper\">        <div class=\"feature-block-v7 feature-block\">\n        <div class=\"feature-icon\" style=\"background-color:#bf2126;color:#ffffff;\">\n            <i class=\"fas fa-users-cog\"><\/i>\n        <\/div>\n        <div class=\"feature-content\">\n            <h4>Instala\u00e7\u00f5es Personalizadas<\/h4>            <p>Realizamos procedimentos personalizados de instala\u00e7\u00e3o para gerar o m\u00ednimo impacto na sua opera\u00e7\u00e3o.<\/p>\n \n                    <\/div>\n    <\/div>\n    \n    <\/div><\/div><\/div><\/div><div class=\"vc_row wpb_row vc_inner vc_row-fluid\"><div class=\"wpb_column vc_column_container vc_col-sm-6 vc_col-md-4\"><div class=\"vc_column-inner vc_custom_1556183649637\"><div class=\"wpb_wrapper\">        <div class=\"feature-block-v7 feature-block\">\n        <div class=\"feature-icon\" style=\"background-color:#bf2126;color:#ffffff;\">\n            <i class=\"fas fa-users\"><\/i>\n        <\/div>\n        <div class=\"feature-content\">\n            <h4>Equipe de P\u00f3s-Vendas<\/h4>            <p>Atua\u00e7\u00e3o ativa com estrutura diferenciada para acompanhamento e suporte ap\u00f3s implanta\u00e7\u00e3o.<\/p>\n \n                    <\/div>\n    <\/div>\n    \n    <\/div><\/div><\/div><div class=\"wpb_column vc_column_container vc_col-sm-6 vc_col-md-4\"><div class=\"vc_column-inner vc_custom_1556183644933\"><div class=\"wpb_wrapper\">        <div class=\"feature-block-v7 feature-block\">\n        <div class=\"feature-icon\" style=\"background-color:#bf2126;color:#ffffff;\">\n            <i class=\"fas fa-desktop\"><\/i>\n        <\/div>\n        <div class=\"feature-content\">\n            <h4>SAC e Treinamentos<\/h4>            <p>Suporte 24\u00d77 (telefone, e-mail ou chat) e treinamentos online ou presencial da plataforma de gest\u00e3o.<\/p>\n \n                    <\/div>\n    <\/div>\n    \n    <\/div><\/div><\/div><div class=\"wpb_column vc_column_container vc_col-sm-6 vc_col-md-4\"><div class=\"vc_column-inner vc_custom_1556183640949\"><div class=\"wpb_wrapper\">        <div class=\"feature-block-v7 feature-block\">\n        <div class=\"feature-icon\" style=\"background-color:#bf2126;color:#ffffff;\">\n            <i class=\"fas fa-graduation-cap\"><\/i>\n        <\/div>\n        <div class=\"feature-content\">\n            <h4>Engenharia Pr\u00f3pria<\/h4>            <p>Equipe com engenheiros de sistema pr\u00f3prio e dedicado para as demandas dos clientes no Brasil.<\/p>\n \n                    <\/div>\n    <\/div>\n    \n    <\/div><\/div><\/div><\/div><div class=\"vc_row wpb_row vc_inner vc_row-fluid\"><div class=\"wpb_column vc_column_container vc_col-sm-6 vc_col-md-4\"><div class=\"vc_column-inner vc_custom_1556183649637\"><div class=\"wpb_wrapper\">        <div class=\"feature-block-v7 feature-block\">\n        <div class=\"feature-icon\" style=\"background-color:#bf2126;color:#ffffff;\">\n            <i class=\"fas fa-edit\"><\/i>\n        <\/div>\n        <div class=\"feature-content\">\n            <h4>Equipe de Certifica\u00e7\u00e3o<\/h4>            <p>Profissionais dedicado para o apoio nos processos de homologa\u00e7\u00e3o em GRs, Seguradoras e Embarcadores.<\/p>\n \n                    <\/div>\n    <\/div>\n    \n    <\/div><\/div><\/div><div class=\"wpb_column vc_column_container vc_col-sm-6 vc_col-md-4\"><div class=\"vc_column-inner vc_custom_1556183644933\"><div class=\"wpb_wrapper\">        <div class=\"feature-block-v7 feature-block\">\n        <div class=\"feature-icon\" style=\"background-color:#bf2126;color:#ffffff;\">\n            <i class=\"fas fa-lock\"><\/i>\n        <\/div>\n        <div class=\"feature-content\">\n            <h4>Governan\u00e7a de TI<\/h4>            <p>Protocolos que atende os requisitos de seguran\u00e7a das normas COBIT e ITIL.<\/p>\n \n                    <\/div>\n    <\/div>\n    \n    <\/div><\/div><\/div><div class=\"wpb_column vc_column_container vc_col-sm-6 vc_col-md-4\"><div class=\"vc_column-inner vc_custom_1556183640949\"><div class=\"wpb_wrapper\">        <div class=\"feature-block-v7 feature-block\">\n        <div class=\"feature-icon\" style=\"background-color:#bf2126;color:#ffffff;\">\n            <i class=\"fas fa-server\"><\/i>\n        <\/div>\n        <div class=\"feature-content\">\n            <h4>Servidores Amazon AWS<\/h4>            <p>Servidores de alta disponibilidade, dados criptografados e backup com 01 ano de hist\u00f3rico (online).<\/p>\n \n                    <\/div>\n    <\/div>\n    \n    <\/div><\/div><\/div><\/div><\/div><\/div><\/div><\/div><\/div><\/section><section class=\"wpb_row vc_row-fluid vc_custom_1588448968303\"><div class=\"container\"><div class=\"vc_row\"><div class=\"wpb_column vc_column_container vc_col-sm-12 vc_col-lg-offset-3 vc_col-lg-6 vc_col-md-offset-2 vc_col-md-8\"><div class=\"vc_column-inner  vc_custom_1556185881893\"><div class=\"wpb_wrapper\"><h2 style=\"text-align: center\" class=\"vc_custom_heading\" >Alguns Clientes no Brasil<\/h2>\n\t<div class=\"wpb_text_column wpb_content_element  vc_custom_1588448920655\" >\n\t\t<div class=\"wpb_wrapper\">\n\t\t\t<p style=\"text-align: center;\"><span style=\"color: #4a4666;\">Os clientes, como nosso pessoal, s\u00e3o nossos ativos mais valiosos.<\/span><\/p>\n\n\t\t<\/div>\n\t<\/div>\n<\/div><\/div><\/div><div class=\"wpb_column vc_column_container vc_col-sm-12\"><div class=\"vc_column-inner\"><div class=\"wpb_wrapper\">    \n        <div class=\"row\">\n                                            <div class=\"col-md-3 col-sm-6 col-6\">\n                <a href=\"\">                    <div class=\"client-block-v2 client-block\">\n                        <div class=\"client-block-img\"><img src=\"https:\/\/www.carrierweb.com.br\/wp-content\/uploads\/2020\/05\/logo_ambev_cliente_carrierweb.png\" alt=\"logo_ambev_cliente_carrierweb\" class=\"img-fluid\"><\/div>\n                    <\/div>\n                <\/a>                <\/div>\n                                                            <div class=\"col-md-3 col-sm-6 col-6\">\n                <a href=\"\">                    <div class=\"client-block-v2 client-block\">\n                        <div class=\"client-block-img\"><img src=\"https:\/\/www.carrierweb.com.br\/wp-content\/uploads\/2020\/05\/logo_petrobras_cliente_carrierweb.png\" alt=\"logo_petrobras_cliente_carrierweb\" class=\"img-fluid\"><\/div>\n                    <\/div>\n                <\/a>                <\/div>\n                                                            <div class=\"col-md-3 col-sm-6 col-6\">\n                <a href=\"\">                    <div class=\"client-block-v2 client-block\">\n                        <div class=\"client-block-img\"><img src=\"https:\/\/www.carrierweb.com.br\/wp-content\/uploads\/2020\/05\/logo1_jbs_cliente_carrierweb.png\" alt=\"logo1_jbs_cliente_carrierweb\" class=\"img-fluid\"><\/div>\n                    <\/div>\n                <\/a>                <\/div>\n                                                            <div class=\"col-md-3 col-sm-6 col-6\">\n                <a href=\"\">                    <div class=\"client-block-v2 client-block\">\n                        <div class=\"client-block-img\"><img src=\"https:\/\/www.carrierweb.com.br\/wp-content\/uploads\/2020\/08\/logo_lavita_cliente_carrierweb.png\" alt=\"logo_lavita_cliente_carrierweb\" class=\"img-fluid\"><\/div>\n                    <\/div>\n                <\/a>                <\/div>\n                                                            <div class=\"col-md-3 col-sm-6 col-6\">\n                <a href=\"\">                    <div class=\"client-block-v2 client-block\">\n                        <div class=\"client-block-img\"><img src=\"https:\/\/www.carrierweb.com.br\/wp-content\/uploads\/2020\/08\/logo_marchesan_cliente_carrierweb.png\" alt=\"logo_marchesan_cliente_carrierweb\" class=\"img-fluid\"><\/div>\n                    <\/div>\n                <\/a>                <\/div>\n                                                            <div class=\"col-md-3 col-sm-6 col-6\">\n                <a href=\"\">                    <div class=\"client-block-v2 client-block\">\n                        <div class=\"client-block-img\"><img src=\"https:\/\/www.carrierweb.com.br\/wp-content\/uploads\/2020\/08\/logo_supergasbras_cliente_carrierweb.png\" alt=\"logo_supergasbras_cliente_carrierweb\" class=\"img-fluid\"><\/div>\n                    <\/div>\n                <\/a>                <\/div>\n                                    <\/div>\n    <\/div><\/div><\/div><\/div><\/div><\/section>","protected":false},"excerpt":{"rendered":"N\u00f3s agregamos valor ao seu neg\u00f3cio Presente no Brasil, desde 2005, a CARRIERWEB \u00e9 uma empresa especializada no desenvolvimento de solu\u00e7\u00f5es customizadas para controle log\u00edstico, seguran\u00e7a, telemetria e preven\u00e7\u00e3o de acidentes. Nosso foco \u00e9 a redu\u00e7\u00e3o de custos e aumento da produtividade da frota, com atua\u00e7\u00e3o n\u00e3o apenas no segmento terrestre, mas tamb\u00e9m no mar\u00edtimo [...]","protected":false},"author":5,"featured_media":0,"parent":0,"menu_order":0,"comment_status":"closed","ping_status":"closed","template":"","meta":[],"yoast_head":"<!-- This site is optimized with the Yoast SEO plugin v20.8 - https:\/\/yoast.com\/wordpress\/plugins\/seo\/ -->\n<title>CarrierWeb Brasil - Conhe\u00e7a a Nossa Empresa e Estrutura<\/title>\n<meta name=\"description\" content=\"Presente no Brasil, desde 2005, a CarrierWeb Brasil \u00e9 uma empresa especializada no desenvolvimento de solu\u00e7\u00f5es customizadas para frotas.\" \/>\n<meta name=\"robots\" content=\"index, follow, max-snippet:-1, max-image-preview:large, max-video-preview:-1\" \/>\n<link rel=\"canonical\" href=\"https:\/\/www.carrierweb.com.br\/en\/carrierweb_brasil\/\" \/>\n<meta property=\"og:locale\" content=\"en_US\" \/>\n<meta property=\"og:type\" content=\"article\" \/>\n<meta property=\"og:title\" content=\"CarrierWeb Brasil - Conhe\u00e7a a Nossa Empresa e Estrutura\" \/>\n<meta property=\"og:description\" content=\"Presente no Brasil, desde 2005, a CarrierWeb Brasil \u00e9 uma empresa especializada no desenvolvimento de solu\u00e7\u00f5es customizadas para frotas.\" \/>\n<meta property=\"og:url\" content=\"https:\/\/www.carrierweb.com.br\/en\/carrierweb_brasil\/\" \/>\n<meta property=\"og:site_name\" content=\"CarrierWeb\" \/>\n<meta property=\"article:modified_time\" content=\"2020-11-11T14:10:15+00:00\" \/>\n<meta name=\"twitter:card\" content=\"summary_large_image\" \/>\n<meta name=\"twitter:label1\" content=\"Est. reading time\" \/>\n\t<meta name=\"twitter:data1\" content=\"5 minutes\" \/>\n<script type=\"application\/ld+json\" class=\"yoast-schema-graph\">{\"@context\":\"https:\/\/schema.org\",\"@graph\":[{\"@type\":\"WebPage\",\"@id\":\"https:\/\/www.carrierweb.com.br\/carrierweb_brasil\/\",\"url\":\"https:\/\/www.carrierweb.com.br\/carrierweb_brasil\/\",\"name\":\"CarrierWeb Brasil - Conhe\u00e7a a Nossa Empresa e Estrutura\",\"isPartOf\":{\"@id\":\"https:\/\/www.carrierweb.com.br\/#website\"},\"datePublished\":\"2019-04-25T09:01:54+00:00\",\"dateModified\":\"2020-11-11T14:10:15+00:00\",\"description\":\"Presente no Brasil, desde 2005, a CarrierWeb Brasil \u00e9 uma empresa especializada no desenvolvimento de solu\u00e7\u00f5es customizadas para frotas.\",\"breadcrumb\":{\"@id\":\"https:\/\/www.carrierweb.com.br\/carrierweb_brasil\/#breadcrumb\"},\"inLanguage\":\"en-US\",\"potentialAction\":[{\"@type\":\"ReadAction\",\"target\":[\"https:\/\/www.carrierweb.com.br\/carrierweb_brasil\/\"]}]},{\"@type\":\"BreadcrumbList\",\"@id\":\"https:\/\/www.carrierweb.com.br\/carrierweb_brasil\/#breadcrumb\",\"itemListElement\":[{\"@type\":\"ListItem\",\"position\":1,\"name\":\"In\u00edcio\",\"item\":\"https:\/\/www.carrierweb.com.br\/\"},{\"@type\":\"ListItem\",\"position\":2,\"name\":\"A Carrierweb Brasil v4\"}]},{\"@type\":\"WebSite\",\"@id\":\"https:\/\/www.carrierweb.com.br\/#website\",\"url\":\"https:\/\/www.carrierweb.com.br\/\",\"name\":\"CarrierWeb\",\"description\":\"Gerando Resultados para sua Frota\",\"potentialAction\":[{\"@type\":\"SearchAction\",\"target\":{\"@type\":\"EntryPoint\",\"urlTemplate\":\"https:\/\/www.carrierweb.com.br\/?s={search_term_string}\"},\"query-input\":\"required name=search_term_string\"}],\"inLanguage\":\"en-US\"}]}<\/script>\n<!-- \/ Yoast SEO plugin. -->","yoast_head_json":{"title":"CarrierWeb Brasil - Conhe\u00e7a a Nossa Empresa e Estrutura","description":"Presente no Brasil, desde 2005, a CarrierWeb Brasil \u00e9 uma empresa especializada no desenvolvimento de solu\u00e7\u00f5es customizadas para frotas.","robots":{"index":"index","follow":"follow","max-snippet":"max-snippet:-1","max-image-preview":"max-image-preview:large","max-video-preview":"max-video-preview:-1"},"canonical":"https:\/\/www.carrierweb.com.br\/en\/carrierweb_brasil\/","og_locale":"en_US","og_type":"article","og_title":"CarrierWeb Brasil - Conhe\u00e7a a Nossa Empresa e Estrutura","og_description":"Presente no Brasil, desde 2005, a CarrierWeb Brasil \u00e9 uma empresa especializada no desenvolvimento de solu\u00e7\u00f5es customizadas para frotas.","og_url":"https:\/\/www.carrierweb.com.br\/en\/carrierweb_brasil\/","og_site_name":"CarrierWeb","article_modified_time":"2020-11-11T14:10:15+00:00","twitter_card":"summary_large_image","twitter_misc":{"Est. reading time":"5 minutes"},"schema":{"@context":"https:\/\/schema.org","@graph":[{"@type":"WebPage","@id":"https:\/\/www.carrierweb.com.br\/carrierweb_brasil\/","url":"https:\/\/www.carrierweb.com.br\/carrierweb_brasil\/","name":"CarrierWeb Brasil - Conhe\u00e7a a Nossa Empresa e Estrutura","isPartOf":{"@id":"https:\/\/www.carrierweb.com.br\/#website"},"datePublished":"2019-04-25T09:01:54+00:00","dateModified":"2020-11-11T14:10:15+00:00","description":"Presente no Brasil, desde 2005, a CarrierWeb Brasil \u00e9 uma empresa especializada no desenvolvimento de solu\u00e7\u00f5es customizadas para frotas.","breadcrumb":{"@id":"https:\/\/www.carrierweb.com.br\/carrierweb_brasil\/#breadcrumb"},"inLanguage":"en-US","potentialAction":[{"@type":"ReadAction","target":["https:\/\/www.carrierweb.com.br\/carrierweb_brasil\/"]}]},{"@type":"BreadcrumbList","@id":"https:\/\/www.carrierweb.com.br\/carrierweb_brasil\/#breadcrumb","itemListElement":[{"@type":"ListItem","position":1,"name":"In\u00edcio","item":"https:\/\/www.carrierweb.com.br\/"},{"@type":"ListItem","position":2,"name":"A Carrierweb Brasil v4"}]},{"@type":"WebSite","@id":"https:\/\/www.carrierweb.com.br\/#website","url":"https:\/\/www.carrierweb.com.br\/","name":"CarrierWeb","description":"Gerando Resultados para sua Frota","potentialAction":[{"@type":"SearchAction","target":{"@type":"EntryPoint","urlTemplate":"https:\/\/www.carrierweb.com.br\/?s={search_term_string}"},"query-input":"required name=search_term_string"}],"inLanguage":"en-US"}]}},"_links":{"self":[{"href":"https:\/\/www.carrierweb.com.br\/en\/wp-json\/wp\/v2\/pages\/460"}],"collection":[{"href":"https:\/\/www.carrierweb.com.br\/en\/wp-json\/wp\/v2\/pages"}],"about":[{"href":"https:\/\/www.carrierweb.com.br\/en\/wp-json\/wp\/v2\/types\/page"}],"author":[{"embeddable":true,"href":"https:\/\/www.carrierweb.com.br\/en\/wp-json\/wp\/v2\/users\/5"}],"replies":[{"embeddable":true,"href":"https:\/\/www.carrierweb.com.br\/en\/wp-json\/wp\/v2\/comments?post=460"}],"version-history":[{"count":140,"href":"https:\/\/www.carrierweb.com.br\/en\/wp-json\/wp\/v2\/pages\/460\/revisions"}],"predecessor-version":[{"id":4517,"href":"https:\/\/www.carrierweb.com.br\/en\/wp-json\/wp\/v2\/pages\/460\/revisions\/4517"}],"wp:attachment":[{"href":"https:\/\/www.carrierweb.com.br\/en\/wp-json\/wp\/v2\/media?parent=460"}],"curies":[{"name":"wp","href":"https:\/\/api.w.org\/{rel}","templated":true}]}}