{"id":4601,"date":"2021-04-16T15:45:11","date_gmt":"2021-04-16T18:45:11","guid":{"rendered":"http:\/\/54.242.171.2\/wordpress\/?page_id=4601"},"modified":"2021-12-30T16:27:14","modified_gmt":"2021-12-30T19:27:14","slug":"cambus-telemtria","status":"publish","type":"page","link":"https:\/\/www.carrierweb.com.br\/en\/cambus-telemtria\/","title":{"rendered":"CAMBUS &#8211; Telemetria"},"content":{"rendered":"<section data-vc-parallax=\"1.5\" data-vc-parallax-o-fade=\"on\" class=\"wpb_row vc_row-fluid vc_custom_1618855742960 vc_row-has-fill vc_general vc_parallax vc_parallax-content-moving-fade js-vc_parallax-o-fade\"><div class=\"container\"><div class=\"vc_row\"><div class=\"wpb_animate_when_almost_visible wpb_fadeIn fadeIn wpb_column vc_column_container vc_col-sm-12 vc_hidden-xs\"><div class=\"vc_column-inner\"><div class=\"wpb_wrapper\"><h1 style=\"font-size: 46px;color: #ffffff;line-height: 54px;text-align: center\" class=\"vc_custom_heading vc_custom_1618598748956\" >Solu\u00e7\u00e3o completa de telemetria avan\u00e7ada e log\u00edstica. Controle o comportamento de dire\u00e7\u00e3o dos seus motoristas e reduza os custos da sua opera\u00e7\u00e3o.<\/h1><\/div><\/div><\/div><div class=\"wpb_column vc_column_container vc_col-sm-12 vc_hidden-lg\"><div class=\"vc_column-inner\"><div class=\"wpb_wrapper\"><h4 style=\"color: #ffffff;line-height: 54px;text-align: center\" class=\"vc_custom_heading bold vc_custom_1618855684963\" >Solu\u00e7\u00e3o completa de telemetria avan\u00e7ada e log\u00edstica.<br \/>\nControle o comportamento de dire\u00e7\u00e3o dos seus motoristas e reduza os custos da sua opera\u00e7\u00e3o.<\/h4><div class=\"vc_btn3-container vc_btn3-center\" ><a class=\"vc_general vc_btn3 vc_btn3-size-md vc_btn3-shape-rounded vc_btn3-style-modern vc_btn3-icon-left vc_btn3-color-grey\" href=\"#cambus\" title=\"\"><i class=\"vc_btn3-icon fas fa-arrow-down\"><\/i> Fale Conosco<\/a><\/div><\/div><\/div><\/div><\/div><\/div><\/section><section class=\"wpb_row vc_row-fluid vc_custom_1618262042437\"><div class=\"container\"><div class=\"vc_row\"><div class=\"wpb_column vc_column_container vc_col-sm-8\"><div class=\"vc_column-inner  vc_custom_1597434419766\"><div class=\"wpb_wrapper\"><h2 style=\"font-size: 26px;color: #dd3333;text-align: left\" class=\"vc_custom_heading vc_custom_1618598756930\" >TELEMETRIA AVAN\u00c7ADA DA LINHA CAN<\/h2>\n\t<div class=\"wpb_text_column wpb_content_element  vc_custom_1618598766195\" >\n\t\t<div class=\"wpb_wrapper\">\n\t\t\t<p>Equipamento para telemetria avan\u00e7ada de caminh\u00f5es, utilit\u00e1rios, m\u00e1quinas, tratores e geradores. Permite tamb\u00e9m o controle log\u00edstico da opera\u00e7\u00e3o e do comportamento de dire\u00e7\u00e3o dos motoristas.<span class=\"Apple-converted-space\">\u00a0<\/span><\/p>\n<p class=\"text-justify\">Conte com uma <strong>plataforma completa de gest\u00e3o de frota<\/strong> em um \u00fanico equipamento.<\/p>\n<ul class=\"arrow list-unstyled text-justify\" data-pg-collapsed=\"\">\n<li><strong>TECNOLOGIA BLUETOOTH<\/strong> <strong>(BLE)<\/strong>| Sensor de f\u00e1cil instala\u00e7\u00e3o e com bateria interna para at\u00e9 5 anos de opera\u00e7\u00e3o.<\/li>\n<li><strong>TECNOLOGIA PR\u00d3PRIA<\/strong> | Hardware e Software pr\u00f3prios que permitem mais flexibilidade nas customiza\u00e7\u00f5es.<\/li>\n<li><strong>API DE INTEGRA\u00c7\u00c3O<\/strong> | Informa\u00e7\u00e3o real-time da sua opera\u00e7\u00e3o no seu software (Roteirizadores, TMS, ERPs, SAP).<\/li>\n<li><strong>EQUIPE DE ENGENHARIA<\/strong> | E desenvolvimento no Brasil.<\/li>\n<li><strong>PRESEN\u00c7A EM GRANDES CLIENTES<\/strong> | Como AmBev, JBS, Danone e Petrobras.<\/li>\n<li><strong>DASHBOARD PARA SALA DE CONTROLE<\/strong> | Com os principais indicadores da opera\u00e7\u00e3o atualizados a cada 3 minutos.<\/li>\n<li><strong>PRESENTE NO BRASIL<\/strong> | Desde 2005 a CarrierWeb \u00e9 l\u00edder em solu\u00e7\u00f5es para gest\u00e3o de frotas.<\/li>\n<\/ul>\n\n\t\t<\/div>\n\t<\/div>\n<\/div><\/div><\/div><div class=\"wpb_column vc_column_container vc_col-sm-4\"><div class=\"vc_column-inner\"><div class=\"wpb_wrapper\">\n\t<div class=\"wpb_raw_code wpb_content_element wpb_raw_html\" >\n\t\t<div class=\"wpb_wrapper\">\n\t\t\t<script data-b24-form=\"inline\/30\/9jgrhe\" data-skip-moving=\"true\">\n(function(w,d,u){\nvar s=d.createElement('script');s.async=true;s.src=u+'?'+(Date.now()\/180000|0);\nvar h=d.getElementsByTagName('script')[0];h.parentNode.insertBefore(s,h);\n})(window,document,'https:\/\/cdn.bitrix24.com\/b17205263\/crm\/form\/loader_30.js');\n<\/script>\n\t\t<\/div>\n\t<\/div>\n<\/div><\/div><\/div><\/div><\/div><\/section>","protected":false},"excerpt":{"rendered":"Solu\u00e7\u00e3o completa de telemetria avan\u00e7ada e log\u00edstica. Controle o comportamento de dire\u00e7\u00e3o dos seus motoristas e reduza os custos da sua opera\u00e7\u00e3o.Solu\u00e7\u00e3o completa de telemetria avan\u00e7ada e log\u00edstica. Controle o comportamento de dire\u00e7\u00e3o dos seus motoristas e reduza os custos da sua opera\u00e7\u00e3o. Fale ConoscoTELEMETRIA AVAN\u00c7ADA DA LINHA CAN Equipamento para telemetria avan\u00e7ada de caminh\u00f5es, [...]","protected":false},"author":5,"featured_media":0,"parent":0,"menu_order":0,"comment_status":"closed","ping_status":"closed","template":"","meta":[],"yoast_head":"<!-- This site is optimized with the Yoast SEO plugin v20.8 - https:\/\/yoast.com\/wordpress\/plugins\/seo\/ -->\n<title>CarrierWeb - Agende uma Demonstra\u00e7\u00e3o com Nossos Especialistas<\/title>\n<meta name=\"description\" content=\"Conte-nos um pouco sobre a sua opera\u00e7\u00e3o e reduza em at\u00e9 60% o seu custo de rastreamento! Preencha o Formul\u00e1rio e Agende uma Demonstra\u00e7\u00e3o.\" \/>\n<meta name=\"robots\" content=\"index, follow, max-snippet:-1, max-image-preview:large, max-video-preview:-1\" \/>\n<link rel=\"canonical\" href=\"https:\/\/www.carrierweb.com.br\/en\/cambus-telemtria\/\" \/>\n<meta property=\"og:locale\" content=\"en_US\" \/>\n<meta property=\"og:type\" content=\"article\" \/>\n<meta property=\"og:title\" content=\"CarrierWeb - Agende uma Demonstra\u00e7\u00e3o com Nossos Especialistas\" \/>\n<meta property=\"og:description\" content=\"Conte-nos um pouco sobre a sua opera\u00e7\u00e3o e reduza em at\u00e9 60% o seu custo de rastreamento! Preencha o Formul\u00e1rio e Agende uma Demonstra\u00e7\u00e3o.\" \/>\n<meta property=\"og:url\" content=\"https:\/\/www.carrierweb.com.br\/en\/cambus-telemtria\/\" \/>\n<meta property=\"og:site_name\" content=\"CarrierWeb\" \/>\n<meta property=\"article:modified_time\" content=\"2021-12-30T19:27:14+00:00\" \/>\n<meta name=\"twitter:card\" content=\"summary_large_image\" \/>\n<meta name=\"twitter:label1\" content=\"Est. reading time\" \/>\n\t<meta name=\"twitter:data1\" content=\"2 minutes\" \/>\n<script type=\"application\/ld+json\" class=\"yoast-schema-graph\">{\"@context\":\"https:\/\/schema.org\",\"@graph\":[{\"@type\":\"WebPage\",\"@id\":\"https:\/\/www.carrierweb.com.br\/cambus-telemtria\/\",\"url\":\"https:\/\/www.carrierweb.com.br\/cambus-telemtria\/\",\"name\":\"CarrierWeb - Agende uma Demonstra\u00e7\u00e3o com Nossos Especialistas\",\"isPartOf\":{\"@id\":\"https:\/\/www.carrierweb.com.br\/#website\"},\"datePublished\":\"2021-04-16T18:45:11+00:00\",\"dateModified\":\"2021-12-30T19:27:14+00:00\",\"description\":\"Conte-nos um pouco sobre a sua opera\u00e7\u00e3o e reduza em at\u00e9 60% o seu custo de rastreamento! Preencha o Formul\u00e1rio e Agende uma Demonstra\u00e7\u00e3o.\",\"breadcrumb\":{\"@id\":\"https:\/\/www.carrierweb.com.br\/cambus-telemtria\/#breadcrumb\"},\"inLanguage\":\"en-US\",\"potentialAction\":[{\"@type\":\"ReadAction\",\"target\":[\"https:\/\/www.carrierweb.com.br\/cambus-telemtria\/\"]}]},{\"@type\":\"BreadcrumbList\",\"@id\":\"https:\/\/www.carrierweb.com.br\/cambus-telemtria\/#breadcrumb\",\"itemListElement\":[{\"@type\":\"ListItem\",\"position\":1,\"name\":\"In\u00edcio\",\"item\":\"https:\/\/www.carrierweb.com.br\/\"},{\"@type\":\"ListItem\",\"position\":2,\"name\":\"CAMBUS &#8211; Telemetria\"}]},{\"@type\":\"WebSite\",\"@id\":\"https:\/\/www.carrierweb.com.br\/#website\",\"url\":\"https:\/\/www.carrierweb.com.br\/\",\"name\":\"CarrierWeb\",\"description\":\"Gerando Resultados para sua Frota\",\"potentialAction\":[{\"@type\":\"SearchAction\",\"target\":{\"@type\":\"EntryPoint\",\"urlTemplate\":\"https:\/\/www.carrierweb.com.br\/?s={search_term_string}\"},\"query-input\":\"required name=search_term_string\"}],\"inLanguage\":\"en-US\"}]}<\/script>\n<!-- \/ Yoast SEO plugin. -->","yoast_head_json":{"title":"CarrierWeb - Agende uma Demonstra\u00e7\u00e3o com Nossos Especialistas","description":"Conte-nos um pouco sobre a sua opera\u00e7\u00e3o e reduza em at\u00e9 60% o seu custo de rastreamento! Preencha o Formul\u00e1rio e Agende uma Demonstra\u00e7\u00e3o.","robots":{"index":"index","follow":"follow","max-snippet":"max-snippet:-1","max-image-preview":"max-image-preview:large","max-video-preview":"max-video-preview:-1"},"canonical":"https:\/\/www.carrierweb.com.br\/en\/cambus-telemtria\/","og_locale":"en_US","og_type":"article","og_title":"CarrierWeb - Agende uma Demonstra\u00e7\u00e3o com Nossos Especialistas","og_description":"Conte-nos um pouco sobre a sua opera\u00e7\u00e3o e reduza em at\u00e9 60% o seu custo de rastreamento! Preencha o Formul\u00e1rio e Agende uma Demonstra\u00e7\u00e3o.","og_url":"https:\/\/www.carrierweb.com.br\/en\/cambus-telemtria\/","og_site_name":"CarrierWeb","article_modified_time":"2021-12-30T19:27:14+00:00","twitter_card":"summary_large_image","twitter_misc":{"Est. reading time":"2 minutes"},"schema":{"@context":"https:\/\/schema.org","@graph":[{"@type":"WebPage","@id":"https:\/\/www.carrierweb.com.br\/cambus-telemtria\/","url":"https:\/\/www.carrierweb.com.br\/cambus-telemtria\/","name":"CarrierWeb - Agende uma Demonstra\u00e7\u00e3o com Nossos Especialistas","isPartOf":{"@id":"https:\/\/www.carrierweb.com.br\/#website"},"datePublished":"2021-04-16T18:45:11+00:00","dateModified":"2021-12-30T19:27:14+00:00","description":"Conte-nos um pouco sobre a sua opera\u00e7\u00e3o e reduza em at\u00e9 60% o seu custo de rastreamento! Preencha o Formul\u00e1rio e Agende uma Demonstra\u00e7\u00e3o.","breadcrumb":{"@id":"https:\/\/www.carrierweb.com.br\/cambus-telemtria\/#breadcrumb"},"inLanguage":"en-US","potentialAction":[{"@type":"ReadAction","target":["https:\/\/www.carrierweb.com.br\/cambus-telemtria\/"]}]},{"@type":"BreadcrumbList","@id":"https:\/\/www.carrierweb.com.br\/cambus-telemtria\/#breadcrumb","itemListElement":[{"@type":"ListItem","position":1,"name":"In\u00edcio","item":"https:\/\/www.carrierweb.com.br\/"},{"@type":"ListItem","position":2,"name":"CAMBUS &#8211; Telemetria"}]},{"@type":"WebSite","@id":"https:\/\/www.carrierweb.com.br\/#website","url":"https:\/\/www.carrierweb.com.br\/","name":"CarrierWeb","description":"Gerando Resultados para sua Frota","potentialAction":[{"@type":"SearchAction","target":{"@type":"EntryPoint","urlTemplate":"https:\/\/www.carrierweb.com.br\/?s={search_term_string}"},"query-input":"required name=search_term_string"}],"inLanguage":"en-US"}]}},"_links":{"self":[{"href":"https:\/\/www.carrierweb.com.br\/en\/wp-json\/wp\/v2\/pages\/4601"}],"collection":[{"href":"https:\/\/www.carrierweb.com.br\/en\/wp-json\/wp\/v2\/pages"}],"about":[{"href":"https:\/\/www.carrierweb.com.br\/en\/wp-json\/wp\/v2\/types\/page"}],"author":[{"embeddable":true,"href":"https:\/\/www.carrierweb.com.br\/en\/wp-json\/wp\/v2\/users\/5"}],"replies":[{"embeddable":true,"href":"https:\/\/www.carrierweb.com.br\/en\/wp-json\/wp\/v2\/comments?post=4601"}],"version-history":[{"count":16,"href":"https:\/\/www.carrierweb.com.br\/en\/wp-json\/wp\/v2\/pages\/4601\/revisions"}],"predecessor-version":[{"id":4805,"href":"https:\/\/www.carrierweb.com.br\/en\/wp-json\/wp\/v2\/pages\/4601\/revisions\/4805"}],"wp:attachment":[{"href":"https:\/\/www.carrierweb.com.br\/en\/wp-json\/wp\/v2\/media?parent=4601"}],"curies":[{"name":"wp","href":"https:\/\/api.w.org\/{rel}","templated":true}]}}