{"id":4673,"date":"2021-05-11T18:33:55","date_gmt":"2021-05-11T21:33:55","guid":{"rendered":"http:\/\/54.242.171.2\/wordpress\/?page_id=4673"},"modified":"2023-05-29T11:52:59","modified_gmt":"2023-05-29T14:52:59","slug":"privacidade","status":"publish","type":"page","link":"https:\/\/www.carrierweb.com.br\/en\/privacidade\/","title":{"rendered":"Privacy Policy"},"content":{"rendered":"<section class=\"wpb_row vc_row-fluid\"><div class=\"container\"><div class=\"vc_row\"><div class=\"wpb_column vc_column_container vc_col-sm-12\"><div class=\"vc_column-inner\"><div class=\"wpb_wrapper\">\n\t<div class=\"wpb_text_column wpb_content_element\" >\n\t\t<div class=\"wpb_wrapper\">\n\t\t\t<p><strong>Este aplicativo \u00e9 mantido e operado por Prime Solu\u00e7\u00f5es Tecnol\u00f3gicas Ltda.<\/strong><\/p>\n<p><!-- \/wp:paragraph --><\/p>\n<p><!-- wp:paragraph -->N\u00f3s coletamos e utilizamos alguns dados pessoais que pertencem \u00e0queles que utilizam nosso aplicativo. Ao faz\u00ea-lo, agimos na qualidade de <strong>controlador<\/strong> desses dados e estamos sujeitos \u00e0s disposi\u00e7\u00f5es da Lei Federal n. 13.709\/2018 (Lei Geral de Prote\u00e7\u00e3o de Dados Pessoais &#8211; LGPD).<\/p>\n<p><!-- \/wp:paragraph --><\/p>\n<p><!-- wp:paragraph -->N\u00f3s cuidamos da prote\u00e7\u00e3o de seus dados pessoais e, por isso, disponibilizamos esta pol\u00edtica de privacidade, que cont\u00e9m informa\u00e7\u00f5es importantes sobre:<\/p>\n<p><!-- \/wp:paragraph --><\/p>\n<p><!-- wp:paragraph -->&#8211; Quem deve utilizar nosso aplicativo &#8211; Quais dados coletamos e o que fazemos com eles; &#8211; Seus direitos em rela\u00e7\u00e3o aos seus dados pessoais; e &#8211; Como entrar em contato conosco.<\/p>\n<p><!-- \/wp:paragraph --><\/p>\n<p><!-- wp:paragraph --><strong>1. Dados que coletamos e motivos da coleta<\/strong><\/p>\n<p><!-- \/wp:paragraph --><\/p>\n<p><!-- wp:paragraph --><strong>Nosso aplicativo coleta e utiliza alguns dados pessoais de nossos usu\u00e1rios, de acordo com o disposto nesta se\u00e7\u00e3o.<\/strong><\/p>\n<p><!-- \/wp:paragraph --><\/p>\n<p><!-- wp:paragraph --><em>1. Dados pessoais fornecidos expressamente pelo usu\u00e1rio<\/em><\/p>\n<p><!-- \/wp:paragraph --><\/p>\n<p><!-- wp:paragraph -->N\u00f3s coletamos os seguintes dados pessoais que nossos usu\u00e1rios nos fornecem expressamente ao utilizar nosso aplicativo:<\/p>\n<p><!-- \/wp:paragraph --><\/p>\n<p><!-- wp:paragraph -->&#8211; Nome Completo &#8211; Telefone &#8211; E-mail &#8211; CPF &#8211; Carteira de Motorista &#8211; PIS &#8211; Data de Nascimento<\/p>\n<p><!-- \/wp:paragraph --><\/p>\n<p><!-- wp:paragraph -->A coleta destes dados ocorre nos seguintes momentos:<\/p>\n<p><!-- \/wp:paragraph --><\/p>\n<p><!-- wp:paragraph -->&#8211; Cadastramento inicial do usu\u00e1rio e suas edi\u00e7\u00f5es.<\/p>\n<p><!-- \/wp:paragraph --><\/p>\n<p><!-- wp:paragraph -->Os dados fornecidos por nossos usu\u00e1rios s\u00e3o coletados com as seguintes finalidades:<\/p>\n<p><!-- \/wp:paragraph --><\/p>\n<p><!-- wp:paragraph -->&#8211; Rastreamento e Monitoramento do Ve\u00edculo; &#8211; Controle Atividades do Motorista; &#8211; Controle de Jornada do Motorista; &#8211; Monitoramento da Carga.<\/p>\n<p><!-- \/wp:paragraph --><\/p>\n<p><!-- wp:paragraph --><em>2. Dados pessoais obtidos de outras formas<\/em><\/p>\n<p><!-- \/wp:paragraph --><\/p>\n<p><!-- wp:paragraph -->N\u00f3s coletamos os seguintes dados pessoais de nossos usu\u00e1rios:<\/p>\n<p><!-- \/wp:paragraph --><\/p>\n<p><!-- wp:paragraph -->&#8211; Geolocaliza\u00e7\u00e3o<\/p>\n<p><!-- \/wp:paragraph --><\/p>\n<p><!-- wp:paragraph -->A coleta destes dados ocorre nos seguintes momentos:<\/p>\n<p><!-- \/wp:paragraph --><\/p>\n<p><!-- wp:paragraph -->Sempre que o motorista estiver logado no aplicativo. Para interromper o envio da geolocaliza\u00e7\u00e3o basta o usu\u00e1rio fazer o logoff no aplicativo.<\/p>\n<p><!-- \/wp:paragraph --><\/p>\n<p><!-- wp:paragraph -->Estes dados s\u00e3o coletados com as seguintes finalidades:<\/p>\n<p><!-- \/wp:paragraph --><\/p>\n<p><!-- wp:paragraph -->&#8211; Rastreamento e Monitoramento do Ve\u00edculo; &#8211; Controle Atividades do Motorista; &#8211; Controle de Jornada do Motorista; &#8211; Monitoramento da Carga.<\/p>\n<p><!-- \/wp:paragraph --><\/p>\n<p><!-- wp:paragraph --><em>3. Dados sens\u00edveis<\/em><\/p>\n<p><!-- \/wp:paragraph --><\/p>\n<p><!-- wp:paragraph --><strong>N\u00e3o<\/strong> ser\u00e3o coletados dados sens\u00edveis de nossos usu\u00e1rios, assim entendidos aqueles definidos nos arts. 11 e seguintes da Lei de Prote\u00e7\u00e3o de Dados Pessoais. Assim, <strong>n\u00e3o<\/strong> haver\u00e1 coleta de dados sobre origem racial ou \u00e9tnica, convic\u00e7\u00e3o religiosa, opini\u00e3o pol\u00edtica, filia\u00e7\u00e3o a sindicato ou a organiza\u00e7\u00e3o de car\u00e1ter religioso, filos\u00f3fico ou pol\u00edtico, dado referente \u00e0 sa\u00fade ou \u00e0 vida sexual, dado gen\u00e9tico ou biom\u00e9trico, quando vinculado a uma pessoa natural.<\/p>\n<p><!-- \/wp:paragraph --><\/p>\n<p><!-- wp:paragraph --><em>4. Coleta de dados n\u00e3o previstos expressamente<\/em><\/p>\n<p><!-- \/wp:paragraph --><\/p>\n<p><!-- wp:paragraph -->Eventualmente, outros tipos de dados n\u00e3o previstos expressamente nesta Pol\u00edtica de Privacidade poder\u00e3o ser coletados, desde que sejam fornecidos com o consentimento do usu\u00e1rio, ou, ainda, que a coleta seja permitida com fundamento em outra base legal prevista em lei.<\/p>\n<p><!-- \/wp:paragraph --><\/p>\n<p><!-- wp:paragraph -->Em qualquer caso, a coleta de dados e as atividades de tratamento dela decorrentes ser\u00e3o informadas aos usu\u00e1rios do aplicativo.<\/p>\n<p><!-- \/wp:paragraph --><\/p>\n<p><!-- wp:paragraph --><strong> 2. Compartilhamento de dados pessoais com terceiros<\/strong> <strong><!-- \/wp:paragraph --><\/strong><\/p>\n<p><!-- wp:paragraph --><strong>N\u00f3s compartilhamos alguns dos dados pessoais mencionados nesta se\u00e7\u00e3o com terceiros.<\/strong><\/p>\n<p><!-- \/wp:paragraph --><\/p>\n<p><!-- wp:paragraph -->Os dados compartilhados s\u00e3o os seguintes:<\/p>\n<p><!-- \/wp:paragraph --><\/p>\n<p><!-- wp:paragraph -->&#8211; Nome Completo &#8211; E-mail &#8211; Telefone &#8211; CPF &#8211; Carteira de Motorista &#8211; PIS &#8211; Data de Nascimento &#8211; Geolocaliza\u00e7\u00e3o<\/p>\n<p><!-- \/wp:paragraph --><\/p>\n<p><!-- wp:paragraph -->Estes dados s\u00e3o compartilhados pelas seguintes raz\u00f5es e para as seguintes finalidades:<\/p>\n<p><!-- \/wp:paragraph --><\/p>\n<p><!-- wp:paragraph -->&#8211; Gest\u00e3o da frota de ve\u00edculos e dos motoristas &#8211; Oferta de produtos e servi\u00e7os<\/p>\n<p><!-- \/wp:paragraph --><\/p>\n<p><!-- wp:paragraph -->Al\u00e9m das situa\u00e7\u00f5es aqui informadas, \u00e9 poss\u00edvel que compartilhemos dados com terceiros para cumprir alguma determina\u00e7\u00e3o legal ou regulat\u00f3ria, ou, ainda, para cumprir alguma ordem expedida por autoridade p\u00fablica.<\/p>\n<p><!-- \/wp:paragraph --><\/p>\n<p><!-- wp:paragraph -->Em qualquer caso, o compartilhamento de dados pessoais observar\u00e1 todas as leis e regras aplic\u00e1veis, buscando sempre garantir a seguran\u00e7a dos dados de nosso usu\u00e1rios, observados os padr\u00f5es t\u00e9cnicos empregados no mercado.<\/p>\n<p><!-- \/wp:paragraph --><\/p>\n<p><!-- wp:paragraph --><strong>3.<\/strong> <strong>Por quanto tempo seus dados pessoais ser\u00e3o armazenados<\/strong><\/p>\n<p><!-- \/wp:paragraph --><\/p>\n<p><!-- wp:paragraph -->Os dados pessoais coletados pelo aplicativo s\u00e3o armazenados e utilizados por per\u00edodo de tempo que corresponda ao necess\u00e1rio para atingir as finalidades elencadas neste documento e que considere os direitos de seus titulares, os direitos do controlador do aplicativo e as disposi\u00e7\u00f5es legais ou regulat\u00f3rias aplic\u00e1veis.<\/p>\n<p><!-- \/wp:paragraph --><\/p>\n<p><!-- wp:paragraph -->Uma vez expirados os per\u00edodos de armazenamento dos dados pessoais, eles s\u00e3o removidos de nossas bases de dados ou anonimizados, salvo nos casos em que houver a possibilidade ou a necessidade de armazenamento em virtude de disposi\u00e7\u00e3o legal ou regulat\u00f3ria.<\/p>\n<p><!-- \/wp:paragraph --><\/p>\n<p><!-- wp:paragraph --><strong>4.<\/strong> <strong>Bases legais para o tratamento de dados pessoais<\/strong><\/p>\n<p><!-- \/wp:paragraph --><\/p>\n<p><!-- wp:paragraph -->Uma base legal para o tratamento de dados pessoais nada mais \u00e9 que um fundamento jur\u00eddico, previsto em lei, que justifica o justifica. Assim, cada opera\u00e7\u00e3o de tratamento de dados pessoais precisa ter uma base legal a ela correspondente.<\/p>\n<p><!-- \/wp:paragraph --><\/p>\n<p><!-- wp:paragraph -->N\u00f3s tratamos os dados pessoais de nossos usu\u00e1rios nas seguintes hip\u00f3teses:<\/p>\n<p><!-- \/wp:paragraph --><\/p>\n<p><!-- wp:paragraph -->&#8211; para o cumprimento de obriga\u00e7\u00e3o legal ou regulat\u00f3ria pelo controlador<\/p>\n<p><!-- \/wp:paragraph --><\/p>\n<p><!-- wp:paragraph -->&#8211; para o exerc\u00edcio regular de direitos em processo judicial, administrativo ou arbitral<\/p>\n<p><!-- \/wp:paragraph --><\/p>\n<p><!-- wp:paragraph -->&#8211; para a execu\u00e7\u00e3o de contrato ou de procedimentos preliminares relacionados a contrato do qual seja parte o titular, a pedido do titular dos dados pessoais<\/p>\n<p><!-- \/wp:paragraph --><\/p>\n<p><!-- wp:paragraph -->&#8211; quando necess\u00e1rio para atender aos interesses leg\u00edtimos do controlador ou de terceiro<\/p>\n<p><!-- \/wp:paragraph --><\/p>\n<p><!-- wp:paragraph -->&#8211; para a prote\u00e7\u00e3o do cr\u00e9dito<\/p>\n<p><!-- \/wp:paragraph --><\/p>\n<p><!-- wp:paragraph --><em>1. Cumprimento de obriga\u00e7\u00e3o legal ou regulat\u00f3ria pelo controlador<\/em><\/p>\n<p><!-- \/wp:paragraph --><\/p>\n<p><!-- wp:paragraph -->Algumas opera\u00e7\u00f5es de tratamento de dados pessoais, sobretudo o armazenamento de dados, ser\u00e3o realizadas para que possamos cumprir obriga\u00e7\u00f5es previstas em lei ou em outras disposi\u00e7\u00f5es normativas aplic\u00e1veis \u00e0s nossas atividades.<\/p>\n<p><!-- \/wp:paragraph --><\/p>\n<p><!-- wp:paragraph --><em>2. Execu\u00e7\u00e3o de contrato<\/em><\/p>\n<p><!-- \/wp:paragraph --><\/p>\n<p><!-- wp:paragraph -->Para a execu\u00e7\u00e3o de contrato de compra e venda ou de presta\u00e7\u00e3o de servi\u00e7os eventualmente firmado entre o aplicativo e o usu\u00e1rio, poder\u00e3o ser coletados e armazenados outros dados relacionados ou necess\u00e1rios a sua execu\u00e7\u00e3o, incluindo o teor de eventuais comunica\u00e7\u00f5es tidas com o usu\u00e1rio.<\/p>\n<p><!-- \/wp:paragraph --><\/p>\n<p><!-- wp:paragraph --><em>3. Leg\u00edtimo interesse<\/em><\/p>\n<p><!-- \/wp:paragraph --><\/p>\n<p><!-- wp:paragraph -->Para determinadas opera\u00e7\u00f5es de tratamento de dados pessoais, nos baseamos exclusivamente em nosso interesse leg\u00edtimo. Para saber mais sobre em quais casos, especificamente, nos valemos desta base legal, ou para obter mais informa\u00e7\u00f5es sobre os testes que fazemos para termos certeza de que podemos utiliz\u00e1-la, entre em contato com nosso Encarregado de Prote\u00e7\u00e3o de Dados Pessoais por algum dos canais informados nesta Pol\u00edtica de Privacidade, na se\u00e7\u00e3o &#8220;Como entrar em contato conosco&#8221;.<\/p>\n<p><!-- \/wp:paragraph --><\/p>\n<p><!-- wp:paragraph --><strong>5.<\/strong> <strong>Direitos do usu\u00e1rio<\/strong><\/p>\n<p><!-- \/wp:paragraph --><\/p>\n<p><!-- wp:paragraph -->O usu\u00e1rio do aplicativo possui os seguintes direitos, conferidos pela Lei de Prote\u00e7\u00e3o de Dados Pessoais:<\/p>\n<p><!-- \/wp:paragraph --><\/p>\n<p><!-- wp:paragraph -->&#8211; confirma\u00e7\u00e3o da exist\u00eancia de tratamento; &#8211; acesso aos dados; &#8211; corre\u00e7\u00e3o de dados incompletos, inexatos ou desatualizados; &#8211; anonimiza\u00e7\u00e3o, bloqueio ou elimina\u00e7\u00e3o de dados desnecess\u00e1rios, excessivos ou tratados em desconformidade com o disposto na lei; &#8211; portabilidade dos dados a outro fornecedor de servi\u00e7o ou produto, mediante requisi\u00e7\u00e3o expressa, de acordo com a regulamenta\u00e7\u00e3o da autoridade nacional, observados os segredos comercial e industrial; &#8211; elimina\u00e7\u00e3o dos dados pessoais tratados com o consentimento do titular, exceto nos casos previstos em lei; &#8211; informa\u00e7\u00e3o das entidades p\u00fablicas e privadas com as quais o controlador realizou uso compartilhado de dados; &#8211; informa\u00e7\u00e3o sobre a possibilidade de n\u00e3o fornecer consentimento e sobre as consequ\u00eancias da negativa; &#8211; revoga\u00e7\u00e3o do consentimento.<\/p>\n<p><!-- \/wp:paragraph --><\/p>\n<p><!-- wp:paragraph -->\u00c9 importante destacar que, nos termos da LGPD, n\u00e3o existe um direito de elimina\u00e7\u00e3o de dados tratados com fundamento em bases legais distintas do consentimento, a menos que os dados seja desnecess\u00e1rios, excessivos ou tratados em desconformidade com o previsto na lei.<\/p>\n<p><!-- \/wp:paragraph --><\/p>\n<p><!-- wp:paragraph --><em>1. Como o titular pode exercer seus direitos<\/em><\/p>\n<p><!-- \/wp:paragraph --><\/p>\n<p><!-- wp:paragraph -->Para garantir que o usu\u00e1rio que pretende exercer seus direitos \u00e9, de fato, o titular dos dados pessoais objeto da requisi\u00e7\u00e3o, poderemos solicitar documentos ou outras informa\u00e7\u00f5es que possam auxiliar em sua correta identifica\u00e7\u00e3o, a fim de resguardar nossos direitos e os direitos de terceiros. Isto somente ser\u00e1 feito, por\u00e9m, se for absolutamente necess\u00e1rio, e o requerente receber\u00e1 todas as informa\u00e7\u00f5es relacionadas.<\/p>\n<p><!-- \/wp:paragraph --><\/p>\n<p><!-- wp:paragraph --><strong>6.<\/strong> <strong>Medidas de seguran\u00e7a no tratamento de dados pessoais<\/strong><\/p>\n<p><!-- \/wp:paragraph --><\/p>\n<p><!-- wp:paragraph -->Empregamos medidas t\u00e9cnicas e organizativas aptas a proteger os dados pessoais de acessos n\u00e3o autorizados e de situa\u00e7\u00f5es de destrui\u00e7\u00e3o, perda, extravio ou altera\u00e7\u00e3o desses dados.<\/p>\n<p><!-- \/wp:paragraph --><\/p>\n<p><!-- wp:paragraph -->As medidas que utilizamos levam em considera\u00e7\u00e3o a natureza dos dados, o contexto e a finalidade do tratamento, os riscos que uma eventual viola\u00e7\u00e3o geraria para os direitos e liberdades do usu\u00e1rio, e os padr\u00f5es atualmente empregados no mercado por empresas semelhantes \u00e0 nossa.<\/p>\n<p><!-- \/wp:paragraph --><\/p>\n<p><!-- wp:paragraph -->Entre as medidas de seguran\u00e7a adotadas por n\u00f3s, destacamos as seguintes:<\/p>\n<p><!-- \/wp:paragraph --><\/p>\n<p><!-- wp:paragraph -->&#8211; Armazenamento de senhas em banco de dados criptografado.<\/p>\n<p><!-- \/wp:paragraph --><\/p>\n<p><!-- wp:paragraph -->Ainda que adote tudo o que est\u00e1 ao seu alcance para evitar incidentes de seguran\u00e7a, \u00e9 poss\u00edvel que ocorra algum problema motivado exclusivamente por um terceiro &#8211; como em caso de ataques de <em>hackers<\/em> ou <em>crackers<\/em> ou, ainda, em caso de culpa exclusiva do usu\u00e1rio, que ocorre, por exemplo, quando ele mesmo transfere seus dados a terceiro. Assim, embora sejamos, em geral, respons\u00e1veis pelos dados pessoais que tratamos, nos eximimos de responsabilidade caso ocorra uma situa\u00e7\u00e3o excepcional como essas, sobre as quais n\u00e3o temos nenhum tipo de controle.<\/p>\n<p><!-- \/wp:paragraph --><\/p>\n<p><!-- wp:paragraph -->De qualquer forma, caso ocorra qualquer tipo de incidente de seguran\u00e7a que possa gerar risco ou dano relevante para qualquer de nossos usu\u00e1rios, comunicaremos os afetados e a Autoridade Nacional de Prote\u00e7\u00e3o de Dados acerca do ocorrido, em conformidade com o disposto na Lei Geral de Prote\u00e7\u00e3o de Dados.<\/p>\n<p><!-- \/wp:paragraph --><\/p>\n<p><!-- wp:paragraph --><strong>7.<\/strong> <strong>Reclama\u00e7\u00e3o a uma autoridade de controle<\/strong><\/p>\n<p><!-- \/wp:paragraph --><\/p>\n<p><!-- wp:paragraph -->Sem preju\u00edzo de qualquer outra via de recurso administrativo ou judicial, os titulares de dados pessoais que se sentirem, de qualquer forma, lesados, podem apresentar reclama\u00e7\u00e3o \u00e0 Autoridade Nacional de Prote\u00e7\u00e3o de Dados.<\/p>\n<p><!-- \/wp:paragraph --><\/p>\n<p><!-- wp:paragraph --><strong>8. Altera\u00e7\u00f5es nesta pol\u00edtica<\/strong><\/p>\n<p><!-- \/wp:paragraph --><\/p>\n<p><!-- wp:paragraph -->A presente vers\u00e3o desta Pol\u00edtica de Privacidade foi atualizada pela \u00faltima vez em: 07\/01\/2021.<\/p>\n<p><!-- \/wp:paragraph --><\/p>\n<p><!-- wp:paragraph -->Reservamo-nos o direito de modificar, a qualquer momento, as presentes normas, especialmente para adapt\u00e1-las \u00e0s eventuais altera\u00e7\u00f5es feitas em nosso aplicativo, seja pela disponibiliza\u00e7\u00e3o de novas funcionalidades, seja pela supress\u00e3o ou modifica\u00e7\u00e3o daquelas j\u00e1 existentes.<\/p>\n<p><!-- \/wp:paragraph --><\/p>\n<p><!-- wp:paragraph -->Sempre que houver uma modifi\u00e7\u00e3o, nossos usu\u00e1rios ser\u00e3o notificados acerca da mudan\u00e7a.<\/p>\n<p><!-- \/wp:paragraph --><\/p>\n<p><!-- wp:paragraph --><strong>9.<\/strong> <strong>Como entrar em contato conosco<\/strong><\/p>\n<p><!-- \/wp:paragraph --><\/p>\n<p><!-- wp:paragraph -->Para esclarecer quaisquer d\u00favidas sobre esta Pol\u00edtica de Privacidade ou sobre os dados pessoais que tratamos, entre em contato com nosso Encarregado de Prote\u00e7\u00e3o de Dados Pessoais, por algum dos canais mencionados abaixo:<\/p>\n<p><!-- \/wp:paragraph --><\/p>\n<p><!-- wp:paragraph --><em>E-mail<\/em>: <a href=\"mailto:privacidade@carrierweb.com.br\">privacidade@carrierweb.com.br<\/a><\/p>\n<p><!-- \/wp:paragraph --><\/p>\n<p><!-- wp:paragraph -->Endere\u00e7o postal: Rua Volunt\u00e1rios da P\u00e1tria 45, Sala 1202, Rio de Janeiro &#8211; RJ<\/p>\n\n\t\t<\/div>\n\t<\/div>\n<\/div><\/div><\/div><\/div><\/div><\/section>","protected":false},"excerpt":{"rendered":"Este aplicativo \u00e9 mantido e operado por Prime Solu\u00e7\u00f5es Tecnol\u00f3gicas Ltda. N\u00f3s coletamos e utilizamos alguns dados pessoais que pertencem \u00e0queles que utilizam nosso aplicativo. Ao faz\u00ea-lo, agimos na qualidade de controlador desses dados e estamos sujeitos \u00e0s disposi\u00e7\u00f5es da Lei Federal n. 13.709\/2018 (Lei Geral de Prote\u00e7\u00e3o de Dados Pessoais - LGPD). N\u00f3s cuidamos [...]","protected":false},"author":5,"featured_media":0,"parent":0,"menu_order":0,"comment_status":"closed","ping_status":"closed","template":"","meta":[],"yoast_head":"<!-- This site is optimized with the Yoast SEO plugin v20.8 - https:\/\/yoast.com\/wordpress\/plugins\/seo\/ -->\n<title>Pol\u00edtica de Privacidade - CarrierWeb<\/title>\n<meta name=\"robots\" content=\"index, follow, max-snippet:-1, max-image-preview:large, max-video-preview:-1\" \/>\n<link rel=\"canonical\" href=\"https:\/\/www.carrierweb.com.br\/en\/privacidade\/\" \/>\n<meta property=\"og:locale\" content=\"en_US\" \/>\n<meta property=\"og:type\" content=\"article\" \/>\n<meta property=\"og:title\" content=\"Pol\u00edtica de Privacidade - CarrierWeb\" \/>\n<meta property=\"og:url\" content=\"https:\/\/www.carrierweb.com.br\/en\/privacidade\/\" \/>\n<meta property=\"og:site_name\" content=\"CarrierWeb\" \/>\n<meta property=\"article:modified_time\" content=\"2023-05-29T14:52:59+00:00\" \/>\n<meta name=\"twitter:card\" content=\"summary_large_image\" \/>\n<meta name=\"twitter:label1\" content=\"Est. reading time\" \/>\n\t<meta name=\"twitter:data1\" content=\"9 minutes\" \/>\n<script type=\"application\/ld+json\" class=\"yoast-schema-graph\">{\"@context\":\"https:\/\/schema.org\",\"@graph\":[{\"@type\":\"WebPage\",\"@id\":\"https:\/\/www.carrierweb.com.br\/privacidade\/\",\"url\":\"https:\/\/www.carrierweb.com.br\/privacidade\/\",\"name\":\"Pol\u00edtica de Privacidade - CarrierWeb\",\"isPartOf\":{\"@id\":\"https:\/\/www.carrierweb.com.br\/#website\"},\"datePublished\":\"2021-05-11T21:33:55+00:00\",\"dateModified\":\"2023-05-29T14:52:59+00:00\",\"breadcrumb\":{\"@id\":\"https:\/\/www.carrierweb.com.br\/privacidade\/#breadcrumb\"},\"inLanguage\":\"en-US\",\"potentialAction\":[{\"@type\":\"ReadAction\",\"target\":[\"https:\/\/www.carrierweb.com.br\/privacidade\/\"]}]},{\"@type\":\"BreadcrumbList\",\"@id\":\"https:\/\/www.carrierweb.com.br\/privacidade\/#breadcrumb\",\"itemListElement\":[{\"@type\":\"ListItem\",\"position\":1,\"name\":\"In\u00edcio\",\"item\":\"https:\/\/www.carrierweb.com.br\/\"},{\"@type\":\"ListItem\",\"position\":2,\"name\":\"Pol\u00edtica de Privacidade\"}]},{\"@type\":\"WebSite\",\"@id\":\"https:\/\/www.carrierweb.com.br\/#website\",\"url\":\"https:\/\/www.carrierweb.com.br\/\",\"name\":\"CarrierWeb\",\"description\":\"Gerando Resultados para sua Frota\",\"potentialAction\":[{\"@type\":\"SearchAction\",\"target\":{\"@type\":\"EntryPoint\",\"urlTemplate\":\"https:\/\/www.carrierweb.com.br\/?s={search_term_string}\"},\"query-input\":\"required name=search_term_string\"}],\"inLanguage\":\"en-US\"}]}<\/script>\n<!-- \/ Yoast SEO plugin. -->","yoast_head_json":{"title":"Pol\u00edtica de Privacidade - CarrierWeb","robots":{"index":"index","follow":"follow","max-snippet":"max-snippet:-1","max-image-preview":"max-image-preview:large","max-video-preview":"max-video-preview:-1"},"canonical":"https:\/\/www.carrierweb.com.br\/en\/privacidade\/","og_locale":"en_US","og_type":"article","og_title":"Pol\u00edtica de Privacidade - CarrierWeb","og_url":"https:\/\/www.carrierweb.com.br\/en\/privacidade\/","og_site_name":"CarrierWeb","article_modified_time":"2023-05-29T14:52:59+00:00","twitter_card":"summary_large_image","twitter_misc":{"Est. reading time":"9 minutes"},"schema":{"@context":"https:\/\/schema.org","@graph":[{"@type":"WebPage","@id":"https:\/\/www.carrierweb.com.br\/privacidade\/","url":"https:\/\/www.carrierweb.com.br\/privacidade\/","name":"Pol\u00edtica de Privacidade - CarrierWeb","isPartOf":{"@id":"https:\/\/www.carrierweb.com.br\/#website"},"datePublished":"2021-05-11T21:33:55+00:00","dateModified":"2023-05-29T14:52:59+00:00","breadcrumb":{"@id":"https:\/\/www.carrierweb.com.br\/privacidade\/#breadcrumb"},"inLanguage":"en-US","potentialAction":[{"@type":"ReadAction","target":["https:\/\/www.carrierweb.com.br\/privacidade\/"]}]},{"@type":"BreadcrumbList","@id":"https:\/\/www.carrierweb.com.br\/privacidade\/#breadcrumb","itemListElement":[{"@type":"ListItem","position":1,"name":"In\u00edcio","item":"https:\/\/www.carrierweb.com.br\/"},{"@type":"ListItem","position":2,"name":"Pol\u00edtica de Privacidade"}]},{"@type":"WebSite","@id":"https:\/\/www.carrierweb.com.br\/#website","url":"https:\/\/www.carrierweb.com.br\/","name":"CarrierWeb","description":"Gerando Resultados para sua Frota","potentialAction":[{"@type":"SearchAction","target":{"@type":"EntryPoint","urlTemplate":"https:\/\/www.carrierweb.com.br\/?s={search_term_string}"},"query-input":"required name=search_term_string"}],"inLanguage":"en-US"}]}},"_links":{"self":[{"href":"https:\/\/www.carrierweb.com.br\/en\/wp-json\/wp\/v2\/pages\/4673"}],"collection":[{"href":"https:\/\/www.carrierweb.com.br\/en\/wp-json\/wp\/v2\/pages"}],"about":[{"href":"https:\/\/www.carrierweb.com.br\/en\/wp-json\/wp\/v2\/types\/page"}],"author":[{"embeddable":true,"href":"https:\/\/www.carrierweb.com.br\/en\/wp-json\/wp\/v2\/users\/5"}],"replies":[{"embeddable":true,"href":"https:\/\/www.carrierweb.com.br\/en\/wp-json\/wp\/v2\/comments?post=4673"}],"version-history":[{"count":8,"href":"https:\/\/www.carrierweb.com.br\/en\/wp-json\/wp\/v2\/pages\/4673\/revisions"}],"predecessor-version":[{"id":4827,"href":"https:\/\/www.carrierweb.com.br\/en\/wp-json\/wp\/v2\/pages\/4673\/revisions\/4827"}],"wp:attachment":[{"href":"https:\/\/www.carrierweb.com.br\/en\/wp-json\/wp\/v2\/media?parent=4673"}],"curies":[{"name":"wp","href":"https:\/\/api.w.org\/{rel}","templated":true}]}}